{"id":24,"date":"2025-12-03T08:17:18","date_gmt":"2025-12-03T08:17:18","guid":{"rendered":"https:\/\/lekkoatletykawpolsce.pl\/?page_id=24"},"modified":"2026-01-29T15:15:02","modified_gmt":"2026-01-29T15:15:02","slug":"mistrzostwa-polski","status":"publish","type":"page","link":"https:\/\/lekkoatletykawpolsce.pl\/index.php\/mistrzostwa-polski\/","title":{"rendered":"Mistrzostwa Polski"},"content":{"rendered":"\t\t<div data-elementor-type=\"wp-page\" data-elementor-id=\"24\" class=\"elementor elementor-24\">\n\t\t\t\t<div class=\"elementor-element elementor-element-78a2ce1 e-flex e-con-boxed e-con e-parent\" data-id=\"78a2ce1\" data-element_type=\"container\" data-e-type=\"container\">\n\t\t\t\t\t<div class=\"e-con-inner\">\n\t\t\t\t<div class=\"elementor-element elementor-element-7a6980b elementor-widget elementor-widget-text-editor\" data-id=\"7a6980b\" data-element_type=\"widget\" data-e-type=\"widget\" data-widget_type=\"text-editor.default\">\n\t\t\t\t\t\t\t\t\t<p>W przypadku Mistrzostw Polski Senior\u00f3w na stadionie w konkurencjach m\u0119skich (w latach 1920-2025) doczekali\u015bmy si\u0119 ju\u017c pe\u0142nych 101 edycji tych zawod\u00f3w. Panie w roku 2026 w Bia\u0142ymstoku b\u0119d\u0105 mia\u0142y okazj\u0119 zmierzy\u0107 si\u0119 po raz setny w ramach MP Senior\u00f3w.\u00a0<\/p><p>Informacje przedstawione na tej stronie nie b\u0119d\u0105 powiela\u0107 szczeg\u00f3\u0142owych zestawie\u0144 dla poszczeg\u00f3lnych konkurencji. Ch\u0119tnych do zapoznania si\u0119 z histori\u0105 ka\u017cdej konkurencji z wyj\u0105tkiem wieloboj\u00f3w, sztafet i chod\u00f3w odsy\u0142am do istniej\u0105cych ju\u017c moich opracowa\u0144.\u00a0Ukaza\u0142y si\u0119 one na stronie PZLA, ale mo\u017cna je pobra\u0107 klikaj\u0105c w linki poni\u017cej<\/p>\t\t\t\t\t\t\t\t<\/div>\n\t\t\t\t\t<\/div>\n\t\t\t\t<\/div>\n\t\t<div class=\"elementor-element elementor-element-50e312a e-flex e-con-boxed e-con e-parent\" data-id=\"50e312a\" data-element_type=\"container\" data-e-type=\"container\">\n\t\t\t\t\t<div class=\"e-con-inner\">\n\t\t\t\t<div class=\"elementor-element elementor-element-334820a elementor-widget elementor-widget-button\" data-id=\"334820a\" data-element_type=\"widget\" data-e-type=\"widget\" data-widget_type=\"button.default\">\n\t\t\t\t\t\t\t\t\t\t<a class=\"elementor-button elementor-button-link elementor-size-sm\" href=\"#\">\n\t\t\t\t\t\t<span class=\"elementor-button-content-wrapper\">\n\t\t\t\t\t\t\t\t\t<span class=\"elementor-button-text\">MP (konkurencje m\u0119skie)<\/span>\n\t\t\t\t\t<\/span>\n\t\t\t\t\t<\/a>\n\t\t\t\t\t\t\t\t<\/div>\n\t\t\t\t<div class=\"elementor-element elementor-element-4948ffe elementor-widget elementor-widget-button\" data-id=\"4948ffe\" data-element_type=\"widget\" data-e-type=\"widget\" data-widget_type=\"button.default\">\n\t\t\t\t\t\t\t\t\t\t<a class=\"elementor-button elementor-button-link elementor-size-sm\" href=\"#\">\n\t\t\t\t\t\t<span class=\"elementor-button-content-wrapper\">\n\t\t\t\t\t\t\t\t\t<span class=\"elementor-button-text\">MP (konkurencje kobiece)<\/span>\n\t\t\t\t\t<\/span>\n\t\t\t\t\t<\/a>\n\t\t\t\t\t\t\t\t<\/div>\n\t\t\t\t\t<\/div>\n\t\t\t\t<\/div>\n\t\t<div class=\"elementor-element elementor-element-b74d062 e-flex e-con-boxed e-con e-parent\" data-id=\"b74d062\" data-element_type=\"container\" data-e-type=\"container\">\n\t\t\t\t\t<div class=\"e-con-inner\">\n\t\t\t\t<div class=\"elementor-element elementor-element-c36fd1a elementor-widget elementor-widget-text-editor\" data-id=\"c36fd1a\" data-element_type=\"widget\" data-e-type=\"widget\" data-widget_type=\"text-editor.default\">\n\t\t\t\t\t\t\t\t\t<p>W tym miejscu znajdziecie zbiorcze opracowanie dotycz\u0105ce rekordzist\u00f3w pod wzgl\u0119dem medali w pojedynczej konkurencji, informacje o najwszechstronniejszych medalistach i kilka innych zgrupowanych ciekawostek.\u00a0<\/p><p>W opracowaniu wykorzystano dane zawieraj\u0105ce wyniki fina\u0142\u00f3w mistrzostw Polski kobiet zebrane przez Henryka Kurzy\u0144skiego.<\/p>\t\t\t\t\t\t\t\t<\/div>\n\t\t\t\t\t<\/div>\n\t\t\t\t<\/div>\n\t\t<div class=\"elementor-element elementor-element-61acd40 e-flex e-con-boxed e-con e-parent\" data-id=\"61acd40\" data-element_type=\"container\" data-e-type=\"container\">\n\t\t\t\t\t<div class=\"e-con-inner\">\n\t\t\t\t\t<\/div>\n\t\t\t\t<\/div>\n\t\t<div class=\"elementor-element elementor-element-2675e9e e-flex e-con-boxed e-con e-parent\" data-id=\"2675e9e\" data-element_type=\"container\" data-e-type=\"container\">\n\t\t\t\t\t<div class=\"e-con-inner\">\n\t\t\t\t<div class=\"elementor-element elementor-element-9628706 elementor-widget elementor-widget-text-editor\" data-id=\"9628706\" data-element_type=\"widget\" data-e-type=\"widget\" data-widget_type=\"text-editor.default\">\n\t\t\t\t\t\t\t\t\t<p>Tutaj znajdziesz zestawienia najwszechstronniejszych multimedalist\u00f3w Mistrzostw Polski<\/p>\t\t\t\t\t\t\t\t<\/div>\n\t\t\t\t<div class=\"elementor-element elementor-element-2909008 elementor-widget elementor-widget-button\" data-id=\"2909008\" data-element_type=\"widget\" data-e-type=\"widget\" data-widget_type=\"button.default\">\n\t\t\t\t\t\t\t\t\t\t<a class=\"elementor-button elementor-button-link elementor-size-sm\" href=\"https:\/\/lekkoatletykawpolsce.pl\/index.php\/wszechstronni-medalisci-mp\/\">\n\t\t\t\t\t\t<span class=\"elementor-button-content-wrapper\">\n\t\t\t\t\t\t\t\t\t<span class=\"elementor-button-text\">Wszechstronni<\/span>\n\t\t\t\t\t<\/span>\n\t\t\t\t\t<\/a>\n\t\t\t\t\t\t\t\t<\/div>\n\t\t\t\t\t<\/div>\n\t\t\t\t<\/div>\n\t\t\t\t<\/div>\n\t\t","protected":false},"excerpt":{"rendered":"<p>W przypadku Mistrzostw Polski Senior\u00f3w na stadionie w konkurencjach m\u0119skich (w latach 1920-2025) doczekali\u015bmy si\u0119 ju\u017c pe\u0142nych 101 edycji tych zawod\u00f3w. Panie w roku 2026 w Bia\u0142ymstoku b\u0119d\u0105 mia\u0142y okazj\u0119 zmierzy\u0107 si\u0119 po raz setny w ramach MP Senior\u00f3w.\u00a0 Informacje przedstawione na tej stronie nie b\u0119d\u0105 powiela\u0107 szczeg\u00f3\u0142owych zestawie\u0144 dla poszczeg\u00f3lnych konkurencji. Ch\u0119tnych do zapoznania [&hellip;]<\/p>\n","protected":false},"author":1,"featured_media":0,"parent":0,"menu_order":0,"comment_status":"closed","ping_status":"closed","template":"","meta":{"footnotes":""},"class_list":["post-24","page","type-page","status-publish","czr-hentry"],"_links":{"self":[{"href":"https:\/\/lekkoatletykawpolsce.pl\/index.php\/wp-json\/wp\/v2\/pages\/24","targetHints":{"allow":["GET"]}}],"collection":[{"href":"https:\/\/lekkoatletykawpolsce.pl\/index.php\/wp-json\/wp\/v2\/pages"}],"about":[{"href":"https:\/\/lekkoatletykawpolsce.pl\/index.php\/wp-json\/wp\/v2\/types\/page"}],"author":[{"embeddable":true,"href":"https:\/\/lekkoatletykawpolsce.pl\/index.php\/wp-json\/wp\/v2\/users\/1"}],"replies":[{"embeddable":true,"href":"https:\/\/lekkoatletykawpolsce.pl\/index.php\/wp-json\/wp\/v2\/comments?post=24"}],"version-history":[{"count":132,"href":"https:\/\/lekkoatletykawpolsce.pl\/index.php\/wp-json\/wp\/v2\/pages\/24\/revisions"}],"predecessor-version":[{"id":407,"href":"https:\/\/lekkoatletykawpolsce.pl\/index.php\/wp-json\/wp\/v2\/pages\/24\/revisions\/407"}],"wp:attachment":[{"href":"https:\/\/lekkoatletykawpolsce.pl\/index.php\/wp-json\/wp\/v2\/media?parent=24"}],"curies":[{"name":"wp","href":"https:\/\/api.w.org\/{rel}","templated":true}]}}