{"id":1819,"date":"2026-03-27T18:30:42","date_gmt":"2026-03-27T18:30:42","guid":{"rendered":"https:\/\/lekkoatletykawpolsce.pl\/?page_id=1819"},"modified":"2026-04-13T10:54:55","modified_gmt":"2026-04-13T10:54:55","slug":"400m-m-pl-swiat","status":"publish","type":"page","link":"https:\/\/lekkoatletykawpolsce.pl\/index.php\/400m-m-pl-swiat\/","title":{"rendered":"400m (M) &#8211; PL-\u015aWIAT"},"content":{"rendered":"\t\t<div data-elementor-type=\"wp-page\" data-elementor-id=\"1819\" class=\"elementor elementor-1819\">\n\t\t\t\t<div class=\"elementor-element elementor-element-8a11509 e-flex e-con-boxed e-con e-parent\" data-id=\"8a11509\" data-element_type=\"container\" data-e-type=\"container\">\n\t\t\t\t\t<div class=\"e-con-inner\">\n\t\t\t\t<div class=\"elementor-element elementor-element-3e41e0d elementor-widget elementor-widget-text-editor\" data-id=\"3e41e0d\" data-element_type=\"widget\" data-e-type=\"widget\" data-widget_type=\"text-editor.default\">\n\t\t\t\t\t\t\t\t\t<h4><em>Liczba Polak\u00f3w w top100 \u015bwiatowych tabel w latach 1926-2025<\/em><\/h4>\t\t\t\t\t\t\t\t<\/div>\n\t\t\t\t\t<\/div>\n\t\t\t\t<\/div>\n\t\t<div class=\"elementor-element elementor-element-76604fe e-flex e-con-boxed e-con e-parent\" data-id=\"76604fe\" data-element_type=\"container\" data-e-type=\"container\">\n\t\t\t\t\t<div class=\"e-con-inner\">\n\t\t\t\t<div class=\"elementor-element elementor-element-5820bc9 elementor-widget elementor-widget-html\" data-id=\"5820bc9\" data-element_type=\"widget\" data-e-type=\"widget\" data-widget_type=\"html.default\">\n\t\t\t\t\t<div class=\"flourish-embed flourish-chart\" data-src=\"visualisation\/27957797\"><script src=\"https:\/\/public.flourish.studio\/resources\/embed.js\"><\/script><noscript><img decoding=\"async\" src=\"https:\/\/public.flourish.studio\/visualisation\/27957797\/thumbnail\" width=\"100%\" alt=\"visualization\" \/><\/noscript><\/div>\t\t\t\t<\/div>\n\t\t\t\t\t<\/div>\n\t\t\t\t<\/div>\n\t\t<div class=\"elementor-element elementor-element-1693d50 e-flex e-con-boxed e-con e-parent\" data-id=\"1693d50\" data-element_type=\"container\" data-e-type=\"container\">\n\t\t\t\t\t<div class=\"e-con-inner\">\n\t\t\t\t<div class=\"elementor-element elementor-element-67138cd elementor-widget elementor-widget-text-editor\" data-id=\"67138cd\" data-element_type=\"widget\" data-e-type=\"widget\" data-widget_type=\"text-editor.default\">\n\t\t\t\t\t\t\t\t\t<h5>W latach przedwojennych w top 100 \u015bwiatowych tabel, Polacy pojawili si\u0119 o\u015bmiokrotnie i pojedynczo. Lata 1965-1977 z wyj\u0105tkiem 1974-1975 mieli\u015bmy w czo\u0142owej setce 4-5 czterystumetrowc\u00f3w (maksymalnie 6 w 1969 r.). W ostatnich 30 latach liczba Polak\u00f3w sporadycznie osi\u0105ga 3-4, a obecnie jest to pojedynczy przedstawiciel Polski. Pandemiczny rok 2020 z oczywistego powodu jest wyj\u0105tkiem.<\/h5>\t\t\t\t\t\t\t\t<\/div>\n\t\t\t\t\t<\/div>\n\t\t\t\t<\/div>\n\t\t<div class=\"elementor-element elementor-element-c298baf e-flex e-con-boxed e-con e-parent\" data-id=\"c298baf\" data-element_type=\"container\" data-e-type=\"container\">\n\t\t\t\t\t<div class=\"e-con-inner\">\n\t\t\t\t<div class=\"elementor-element elementor-element-97cc13b elementor-widget elementor-widget-text-editor\" data-id=\"97cc13b\" data-element_type=\"widget\" data-e-type=\"widget\" data-widget_type=\"text-editor.default\">\n\t\t\t\t\t\t\t\t\t<h4><em>Liczba Polak\u00f3w w top 20 na \u015bwiecie i na dalszych pozycjach w poszczeg\u00f3lnych okresach<\/em><\/h4>\t\t\t\t\t\t\t\t<\/div>\n\t\t\t\t\t<\/div>\n\t\t\t\t<\/div>\n\t\t<div class=\"elementor-element elementor-element-e93d414 e-flex e-con-boxed e-con e-parent\" data-id=\"e93d414\" data-element_type=\"container\" data-e-type=\"container\">\n\t\t\t\t\t<div class=\"e-con-inner\">\n\t\t\t\t<div class=\"elementor-element elementor-element-7ce502a elementor-widget elementor-widget-html\" data-id=\"7ce502a\" data-element_type=\"widget\" data-e-type=\"widget\" data-widget_type=\"html.default\">\n\t\t\t\t\t<div class=\"flourish-embed flourish-chart\" data-src=\"visualisation\/27957849\"><script src=\"https:\/\/public.flourish.studio\/resources\/embed.js\"><\/script><noscript><img decoding=\"async\" src=\"https:\/\/public.flourish.studio\/visualisation\/27957849\/thumbnail\" width=\"100%\" alt=\"visualization\" \/><\/noscript><\/div>\t\t\t\t<\/div>\n\t\t\t\t\t<\/div>\n\t\t\t\t<\/div>\n\t\t<div class=\"elementor-element elementor-element-dbea294 e-flex e-con-boxed e-con e-parent\" data-id=\"dbea294\" data-element_type=\"container\" data-e-type=\"container\">\n\t\t\t\t\t<div class=\"e-con-inner\">\n\t\t\t\t<div class=\"elementor-element elementor-element-87939a3 elementor-widget elementor-widget-text-editor\" data-id=\"87939a3\" data-element_type=\"widget\" data-e-type=\"widget\" data-widget_type=\"text-editor.default\">\n\t\t\t\t\t\t\t\t\t<h5>Dla wszystkich pozycji w top 100, nieco mniej ni\u017c po\u0142owa miejsc (44%) przypada na okres 1961-1980. Poniewa\u017c polscy czterystumetrowcy bardzo sporadycznie zajmowali miejsca w czo\u0142owej dziesi\u0105tce na \u015bwiecie, rozpatrujemy rozk\u0142ad cz\u0119sto\u015bci zawodnik\u00f3w w top 20, gdzie ponad po\u0142owa 56,5% przypada pozycji w tabelach przypada na dekad\u0119 lat 60. XX w.<\/h5>\t\t\t\t\t\t\t\t<\/div>\n\t\t\t\t\t<\/div>\n\t\t\t\t<\/div>\n\t\t<div class=\"elementor-element elementor-element-3649d73 e-flex e-con-boxed e-con e-parent\" data-id=\"3649d73\" data-element_type=\"container\" data-e-type=\"container\">\n\t\t\t\t\t<div class=\"e-con-inner\">\n\t\t\t\t<div class=\"elementor-element elementor-element-0c4bf3a elementor-widget elementor-widget-text-editor\" data-id=\"0c4bf3a\" data-element_type=\"widget\" data-e-type=\"widget\" data-widget_type=\"text-editor.default\">\n\t\t\t\t\t\t\t\t\t<h4><em>Liczba punkt\u00f3w za pozycje w \u015bwiatowej setce czterystumetrowc\u00f3w wraz z najlepszym miejscem poszczeg\u00f3lnych zawodnik\u00f3w<\/em><\/h4>\t\t\t\t\t\t\t\t<\/div>\n\t\t\t\t\t<\/div>\n\t\t\t\t<\/div>\n\t\t<div class=\"elementor-element elementor-element-b96e33d e-flex e-con-boxed e-con e-parent\" data-id=\"b96e33d\" data-element_type=\"container\" data-e-type=\"container\">\n\t\t\t\t\t<div class=\"e-con-inner\">\n\t\t\t\t<div class=\"elementor-element elementor-element-3a98726 elementor-widget elementor-widget-html\" data-id=\"3a98726\" data-element_type=\"widget\" data-e-type=\"widget\" data-widget_type=\"html.default\">\n\t\t\t\t\t<div class=\"flourish-embed flourish-chart\" data-src=\"visualisation\/27957872\"><script src=\"https:\/\/public.flourish.studio\/resources\/embed.js\"><\/script><noscript><img decoding=\"async\" src=\"https:\/\/public.flourish.studio\/visualisation\/27957872\/thumbnail\" width=\"100%\" alt=\"visualization\" \/><\/noscript><\/div>\t\t\t\t<\/div>\n\t\t\t\t\t<\/div>\n\t\t\t\t<\/div>\n\t\t<div class=\"elementor-element elementor-element-bb695c9 e-flex e-con-boxed e-con e-parent\" data-id=\"bb695c9\" data-element_type=\"container\" data-e-type=\"container\">\n\t\t\t\t\t<div class=\"e-con-inner\">\n\t\t\t\t<div class=\"elementor-element elementor-element-d79a51f elementor-widget elementor-widget-text-editor\" data-id=\"d79a51f\" data-element_type=\"widget\" data-e-type=\"widget\" data-widget_type=\"text-editor.default\">\n\t\t\t\t\t\t\t\t\t<h5>W pierwszej dziesi\u0105tce \u015bwiatowych tabel znalaz\u0142o si\u0119 w ca\u0142ej historii tylko 3 Polak\u00f3w, a w top 20 ju\u017c mamy 12 zawodnik\u00f3w. Pod wzgl\u0119dem zdobyczy punktowych z pozycje na listach \u015bwiatowych to Andrzej Bade\u0144ski i Jan Werner nie maj\u0105 sobie r\u00f3wnych. Ze wsp\u00f3\u0142czesnych lat Robert Ma\u0107kowiak jest trzeci a Karol Zalewski \u00f3smy.<\/h5>\t\t\t\t\t\t\t\t<\/div>\n\t\t\t\t\t<\/div>\n\t\t\t\t<\/div>\n\t\t<div class=\"elementor-element elementor-element-005b6ca e-flex e-con-boxed e-con e-parent\" data-id=\"005b6ca\" data-element_type=\"container\" data-e-type=\"container\">\n\t\t\t\t\t<div class=\"e-con-inner\">\n\t\t\t\t<div class=\"elementor-element elementor-element-a03d579 elementor-widget elementor-widget-text-editor\" data-id=\"a03d579\" data-element_type=\"widget\" data-e-type=\"widget\" data-widget_type=\"text-editor.default\">\n\t\t\t\t\t\t\t\t\t<h4><em>Zestawienie wszystkich pozycji polskich czterystumetrowc\u00f3w w top100 na \u015bwiecie w poszczeg\u00f3lnych latach <\/em><\/h4>\t\t\t\t\t\t\t\t<\/div>\n\t\t\t\t\t<\/div>\n\t\t\t\t<\/div>\n\t\t<div class=\"elementor-element elementor-element-8bc9b0e e-flex e-con-boxed e-con e-parent\" data-id=\"8bc9b0e\" data-element_type=\"container\" data-e-type=\"container\">\n\t\t\t\t\t<div class=\"e-con-inner\">\n\t\t\t\t<div class=\"elementor-element elementor-element-f90f627 elementor-widget elementor-widget-text-editor\" data-id=\"f90f627\" data-element_type=\"widget\" data-e-type=\"widget\" data-widget_type=\"text-editor.default\">\n\t\t\t\t\t\t\t\t\t<h5>W poni\u017cszej tabeli jest mo\u017cliwo\u015b\u0107 sortowania wynik\u00f3w wg lat i pozycji na listach. Dodatkowo w polu wyszukiwania mo\u017cna wpisa\u0107 danego zawodnika, by sprawdzi\u0107 jak cz\u0119sto i w jakich latach znalaz\u0142 si\u0119 w top 100 na \u015bwiecie.<\/h5><h5>Andrzej Bade\u0144ski go\u015bci\u0142 trzykrotnie w czo\u0142owej dziesi\u0105tce na \u015bwiecie (najlepsze miejsce to 2. pozycja w roku 1965). Tomasz Czubak ustanawiaj\u0105c niepobity do dzi\u015b rekord Polski uplasowa\u0142 si\u0119 w 1999 roku na miejscu jedenastym. Najcz\u0119\u015bciej w top 100 tabel \u015bwiatowych znale\u017ali si\u0119 Bade\u0144ski (12razy), Werner (9) i Marcin Marciniszyn (8).<\/h5>\t\t\t\t\t\t\t\t<\/div>\n\t\t\t\t\t<\/div>\n\t\t\t\t<\/div>\n\t\t<div class=\"elementor-element elementor-element-a2be4b9 e-flex e-con-boxed e-con e-parent\" data-id=\"a2be4b9\" data-element_type=\"container\" data-e-type=\"container\">\n\t\t\t\t\t<div class=\"e-con-inner\">\n\t\t\t\t<div class=\"elementor-element elementor-element-b55426f elementor-widget elementor-widget-html\" data-id=\"b55426f\" data-element_type=\"widget\" data-e-type=\"widget\" data-widget_type=\"html.default\">\n\t\t\t\t\t<div class=\"flourish-embed flourish-chart\" data-src=\"visualisation\/27957909\"><script src=\"https:\/\/public.flourish.studio\/resources\/embed.js\"><\/script><noscript><img decoding=\"async\" src=\"https:\/\/public.flourish.studio\/visualisation\/27957909\/thumbnail\" width=\"100%\" alt=\"visualization\" \/><\/noscript><\/div>\t\t\t\t<\/div>\n\t\t\t\t\t<\/div>\n\t\t\t\t<\/div>\n\t\t<div class=\"elementor-element elementor-element-8307cb5 e-flex e-con-boxed e-con e-parent\" data-id=\"8307cb5\" data-element_type=\"container\" data-e-type=\"container\">\n\t\t\t\t\t<div class=\"e-con-inner\">\n\t\t\t\t<div class=\"elementor-element elementor-element-8a46f2c elementor-widget elementor-widget-text-editor\" data-id=\"8a46f2c\" data-element_type=\"widget\" data-e-type=\"widget\" data-widget_type=\"text-editor.default\">\n\t\t\t\t\t\t\t\t\t<p>Lorem ipsum dolor sit amet, consectetur adipiscing elit. Ut elit tellus, luctus nec ullamcorper mattis, pulvinar dapibus leo.<\/p>\t\t\t\t\t\t\t\t<\/div>\n\t\t\t\t\t<\/div>\n\t\t\t\t<\/div>\n\t\t\t\t<\/div>\n\t\t","protected":false},"excerpt":{"rendered":"<p>Liczba Polak\u00f3w w top100 \u015bwiatowych tabel w latach 1926-2025 W latach przedwojennych w top 100 \u015bwiatowych tabel, Polacy pojawili si\u0119 o\u015bmiokrotnie i pojedynczo. Lata 1965-1977 z wyj\u0105tkiem 1974-1975 mieli\u015bmy w czo\u0142owej setce 4-5 czterystumetrowc\u00f3w (maksymalnie 6 w 1969 r.). W ostatnich 30 latach liczba Polak\u00f3w sporadycznie osi\u0105ga 3-4, a obecnie jest to pojedynczy przedstawiciel Polski. [&hellip;]<\/p>\n","protected":false},"author":1,"featured_media":0,"parent":0,"menu_order":0,"comment_status":"closed","ping_status":"closed","template":"","meta":{"footnotes":""},"class_list":["post-1819","page","type-page","status-publish","czr-hentry"],"_links":{"self":[{"href":"https:\/\/lekkoatletykawpolsce.pl\/index.php\/wp-json\/wp\/v2\/pages\/1819","targetHints":{"allow":["GET"]}}],"collection":[{"href":"https:\/\/lekkoatletykawpolsce.pl\/index.php\/wp-json\/wp\/v2\/pages"}],"about":[{"href":"https:\/\/lekkoatletykawpolsce.pl\/index.php\/wp-json\/wp\/v2\/types\/page"}],"author":[{"embeddable":true,"href":"https:\/\/lekkoatletykawpolsce.pl\/index.php\/wp-json\/wp\/v2\/users\/1"}],"replies":[{"embeddable":true,"href":"https:\/\/lekkoatletykawpolsce.pl\/index.php\/wp-json\/wp\/v2\/comments?post=1819"}],"version-history":[{"count":25,"href":"https:\/\/lekkoatletykawpolsce.pl\/index.php\/wp-json\/wp\/v2\/pages\/1819\/revisions"}],"predecessor-version":[{"id":2730,"href":"https:\/\/lekkoatletykawpolsce.pl\/index.php\/wp-json\/wp\/v2\/pages\/1819\/revisions\/2730"}],"wp:attachment":[{"href":"https:\/\/lekkoatletykawpolsce.pl\/index.php\/wp-json\/wp\/v2\/media?parent=1819"}],"curies":[{"name":"wp","href":"https:\/\/api.w.org\/{rel}","templated":true}]}}