{"id":1771,"date":"2026-03-27T18:08:12","date_gmt":"2026-03-27T18:08:12","guid":{"rendered":"https:\/\/lekkoatletykawpolsce.pl\/?page_id=1771"},"modified":"2026-04-13T10:17:09","modified_gmt":"2026-04-13T10:17:09","slug":"400m-m-rezultaty","status":"publish","type":"page","link":"https:\/\/lekkoatletykawpolsce.pl\/index.php\/400m-m-rezultaty\/","title":{"rendered":"400m (M) &#8211; REZULTATY"},"content":{"rendered":"\t\t<div data-elementor-type=\"wp-page\" data-elementor-id=\"1771\" class=\"elementor elementor-1771\">\n\t\t\t\t<div class=\"elementor-element elementor-element-39b0a3e e-flex e-con-boxed e-con e-parent\" data-id=\"39b0a3e\" data-element_type=\"container\" data-e-type=\"container\" data-settings=\"{&quot;background_background&quot;:&quot;gradient&quot;}\">\n\t\t\t\t\t<div class=\"e-con-inner\">\n\t\t\t\t<div class=\"elementor-element elementor-element-bb4f9b0 elementor-widget elementor-widget-text-editor\" data-id=\"bb4f9b0\" data-element_type=\"widget\" data-e-type=\"widget\" data-widget_type=\"text-editor.default\">\n\t\t\t\t\t\t\t\t\t<h4><em>Wyniki polskich zawodnik\u00f3w na pozycjach 1, 5, 10, 20 ,50 na 400m w latach 1920-2025. \u015arednie ruchome (5-letnie) z top 10 i top 30.<\/em><\/h4><h4><em>Mo\u017cliwo\u015b\u0107 filtrowania pod wzgl\u0119dem rodzaju pomiaru. W pustym polu poni\u017cej mo\u017cliwo\u015b\u0107 wyboru wybranych wykres\u00f3w spo\u015br\u00f3d siedmiu linii.<\/em><\/h4>\t\t\t\t\t\t\t\t<\/div>\n\t\t\t\t\t<\/div>\n\t\t\t\t<\/div>\n\t\t<div class=\"elementor-element elementor-element-6c196a1 e-flex e-con-boxed e-con e-parent\" data-id=\"6c196a1\" data-element_type=\"container\" data-e-type=\"container\">\n\t\t\t\t\t<div class=\"e-con-inner\">\n\t\t\t\t<div class=\"elementor-element elementor-element-aca3f6d elementor-widget elementor-widget-html\" data-id=\"aca3f6d\" data-element_type=\"widget\" data-e-type=\"widget\" data-widget_type=\"html.default\">\n\t\t\t\t\t<div class=\"flourish-embed flourish-chart\" data-src=\"visualisation\/27956071\"><script src=\"https:\/\/public.flourish.studio\/resources\/embed.js\"><\/script><noscript><img decoding=\"async\" src=\"https:\/\/public.flourish.studio\/visualisation\/27956071\/thumbnail\" width=\"100%\" alt=\"visualization\" \/><\/noscript><\/div>\t\t\t\t<\/div>\n\t\t\t\t\t<\/div>\n\t\t\t\t<\/div>\n\t\t<div class=\"elementor-element elementor-element-72430c3 e-flex e-con-boxed e-con e-parent\" data-id=\"72430c3\" data-element_type=\"container\" data-e-type=\"container\">\n\t\t\t\t\t<div class=\"e-con-inner\">\n\t\t\t\t<div class=\"elementor-element elementor-element-064a149 elementor-widget elementor-widget-text-editor\" data-id=\"064a149\" data-element_type=\"widget\" data-e-type=\"widget\" data-widget_type=\"text-editor.default\">\n\t\t\t\t\t\t\t\t\t<h5>W latach przedwojennych systematyczny wzrost poziomu 10. i 30. zawodnika, z wyhamowaniem progresu w pierwszej po\u0142owie lat 30. Od lat 50. Do ko\u0144ca lat 60. sta\u0142y progres \u015bredniej z top 10, w przypadku \u015bredniej z top 30 trend nie jest tak dynamiczny w pierwszej po\u0142owie lat 60. W latach 1970-1976 (pomiar do 0.1s) stagnacja \u015bredniej czo\u0142owej dziesi\u0105tki na poziomie (46.7), a w przypadku pierwszej trzydziestki sta\u0142a, niedu\u017ca poprawa.<\/h5>\t\t\t\t\t\t\t\t<\/div>\n\t\t\t\t\t<\/div>\n\t\t\t\t<\/div>\n\t\t<div class=\"elementor-element elementor-element-d1b990e e-flex e-con-boxed e-con e-parent\" data-id=\"d1b990e\" data-element_type=\"container\" data-e-type=\"container\" data-settings=\"{&quot;background_background&quot;:&quot;gradient&quot;}\">\n\t\t\t\t\t<div class=\"e-con-inner\">\n\t\t\t\t<div class=\"elementor-element elementor-element-9a40754 elementor-widget elementor-widget-text-editor\" data-id=\"9a40754\" data-element_type=\"widget\" data-e-type=\"widget\" data-widget_type=\"text-editor.default\">\n\t\t\t\t\t\t\t\t\t<h4><em>Wyniki polskich zawodnik\u00f3w na pozycjach 1, 5, 10, 20 , 50 na 400m w latach 1977-2025 (pomiar do 0.01s). \u015arednie ruchome (5-letnie) z top 10 i top 30<\/em><\/h4><h4><em>W pustym polu poni\u017cej mo\u017cliwo\u015b\u0107 wyboru wybranych wykres\u00f3w spo\u015br\u00f3d siedmiu linii.<\/em><\/h4>\t\t\t\t\t\t\t\t<\/div>\n\t\t\t\t\t<\/div>\n\t\t\t\t<\/div>\n\t\t<div class=\"elementor-element elementor-element-3a7b005 e-flex e-con-boxed e-con e-parent\" data-id=\"3a7b005\" data-element_type=\"container\" data-e-type=\"container\">\n\t\t\t\t\t<div class=\"e-con-inner\">\n\t\t\t\t<div class=\"elementor-element elementor-element-c21d522 elementor-widget elementor-widget-html\" data-id=\"c21d522\" data-element_type=\"widget\" data-e-type=\"widget\" data-widget_type=\"html.default\">\n\t\t\t\t\t<div class=\"flourish-embed flourish-chart\" data-src=\"visualisation\/28493575\"><script src=\"https:\/\/public.flourish.studio\/resources\/embed.js\"><\/script><noscript><img decoding=\"async\" src=\"https:\/\/public.flourish.studio\/visualisation\/28493575\/thumbnail\" width=\"100%\" alt=\"visualization\" \/><\/noscript><\/div>\n\t\t\t\t<\/div>\n\t\t\t\t\t<\/div>\n\t\t\t\t<\/div>\n\t\t<div class=\"elementor-element elementor-element-41c3cf8 e-flex e-con-boxed e-con e-parent\" data-id=\"41c3cf8\" data-element_type=\"container\" data-e-type=\"container\">\n\t\t\t\t\t<div class=\"e-con-inner\">\n\t\t\t\t<div class=\"elementor-element elementor-element-090133d elementor-widget elementor-widget-text-editor\" data-id=\"090133d\" data-element_type=\"widget\" data-e-type=\"widget\" data-widget_type=\"text-editor.default\">\n\t\t\t\t\t\t\t\t\t<h5>Dla okresu pomiar\u00f3w elektronicznych w lata 80. charakteryzuje zmienno\u015b\u0107 obu trend\u00f3w, a nast\u0119pnie wyra\u017any regres do po\u0142owy lat 90. (top 10) i do lat 1996-1997 dla top 30. Nast\u0119pnie mamy do czynienia z dynamiczn\u0105 popraw\u0105 poziomu a\u017c do najlepszego poziomu w historii na pocz\u0105tku XXI w. Dla top 30 najlepszy poziom osi\u0105gni\u0119to w roku 2009 i 2025. Lata 2005-2020 to delikatny spadek obu \u015brednich, ale ostatnie 5 lat wykazuje popraw\u0119 obu wska\u017anik\u00f3w.<\/h5>\t\t\t\t\t\t\t\t<\/div>\n\t\t\t\t\t<\/div>\n\t\t\t\t<\/div>\n\t\t<div class=\"elementor-element elementor-element-de33b8f e-flex e-con-boxed e-con e-parent\" data-id=\"de33b8f\" data-element_type=\"container\" data-e-type=\"container\">\n\t\t\t\t\t<div class=\"e-con-inner\">\n\t\t\t\t<div class=\"elementor-element elementor-element-78c2c6a elementor-widget elementor-widget-text-editor\" data-id=\"78c2c6a\" data-element_type=\"widget\" data-e-type=\"widget\" data-widget_type=\"text-editor.default\">\n\t\t\t\t\t\t\t\t\t<h4><em>Liczba zawodnik\u00f3w, kt\u00f3rzy w danym roku uzyskali okre\u015blony wynik lub wynik lepszy<\/em><\/h4>\t\t\t\t\t\t\t\t<\/div>\n\t\t\t\t\t<\/div>\n\t\t\t\t<\/div>\n\t\t<div class=\"elementor-element elementor-element-fc03da7 e-flex e-con-boxed e-con e-parent\" data-id=\"fc03da7\" data-element_type=\"container\" data-e-type=\"container\">\n\t\t\t\t\t<div class=\"e-con-inner\">\n\t\t\t\t<div class=\"elementor-element elementor-element-e4c3284 elementor-widget elementor-widget-html\" data-id=\"e4c3284\" data-element_type=\"widget\" data-e-type=\"widget\" data-widget_type=\"html.default\">\n\t\t\t\t\t<div class=\"flourish-embed flourish-chart\" data-src=\"visualisation\/27956149\"><script src=\"https:\/\/public.flourish.studio\/resources\/embed.js\"><\/script><noscript><img decoding=\"async\" src=\"https:\/\/public.flourish.studio\/visualisation\/27956149\/thumbnail\" width=\"100%\" alt=\"visualization\" \/><\/noscript><\/div>\t\t\t\t<\/div>\n\t\t\t\t\t<\/div>\n\t\t\t\t<\/div>\n\t\t<div class=\"elementor-element elementor-element-8cf2301 e-flex e-con-boxed e-con e-parent\" data-id=\"8cf2301\" data-element_type=\"container\" data-e-type=\"container\">\n\t\t\t\t\t<div class=\"e-con-inner\">\n\t\t\t\t<div class=\"elementor-element elementor-element-10995b3 elementor-widget elementor-widget-text-editor\" data-id=\"10995b3\" data-element_type=\"widget\" data-e-type=\"widget\" data-widget_type=\"text-editor.default\">\n\t\t\t\t\t\t\t\t\t<h5>Bior\u0105c pod uwag\u0119 wyniki 49s i szybsze to w latach 1972-1977 liczba zawodnik\u00f3w oscylowa\u0142a w granicach 60-70 z maksimum w roku 1975 (79). Po spadku i ponownym odbiciu w drugiej po\u0142owie lat 80. Nast\u0119puje bardzo wyra\u017any spadek liczby takich wynik\u00f3w a\u017c do liczby 22-25 w latach 1992-1995. Po ponownym odbiciu w g\u00f3r\u0119 i spadku w latach 2017-2020, nast\u0105pi\u0142y wzrost liczby zawodnik\u00f3w, kt\u00f3ry od 3 ostatnich lat ponownie osi\u0105ga warto\u015b\u0107 60 i wi\u0119cej. Dla wynik\u00f3w 48s i szybciej trend jest podobny, jednak\u017ce maksimum osi\u0105gni\u0119te zosta\u0142o w roku 2016 i w 2 ostatnich latach. W przypadku bieg\u00f3w 47s i szybszych, najlepszy okres przypada na XXI wiek \u2013 niemal\u017ce stale biega tak szybko co najmniej 10 sprinter\u00f3w. W pojedynczych latach maksymalnie 13-15 biegaczy. Z kolei poni\u017cej 46s najcz\u0119\u015bciej biegano w roku 200 i 3 ostatnich latach (5 biegaczy), a tak\u017ce kilkukrotnie od 1998 roku, t\u0105 granic\u0119 z\u0142ama\u0142o 4 zawodnik\u00f3w.<\/h5>\t\t\t\t\t\t\t\t<\/div>\n\t\t\t\t\t<\/div>\n\t\t\t\t<\/div>\n\t\t<div class=\"elementor-element elementor-element-910816d e-flex e-con-boxed e-con e-parent\" data-id=\"910816d\" data-element_type=\"container\" data-e-type=\"container\">\n\t\t\t\t\t<div class=\"e-con-inner\">\n\t\t\t\t<div class=\"elementor-element elementor-element-89b1bde elementor-widget elementor-widget-text-editor\" data-id=\"89b1bde\" data-element_type=\"widget\" data-e-type=\"widget\" data-widget_type=\"text-editor.default\">\n\t\t\t\t\t\t\t\t\t<h4><em>Liczba zawodnik\u00f3w, kt\u00f3rzy w danym roku pobiegli poni\u017cej 50 sekund<\/em><\/h4>\t\t\t\t\t\t\t\t<\/div>\n\t\t\t\t\t<\/div>\n\t\t\t\t<\/div>\n\t\t<div class=\"elementor-element elementor-element-3452476 e-flex e-con-boxed e-con e-parent\" data-id=\"3452476\" data-element_type=\"container\" data-e-type=\"container\">\n\t\t\t\t\t<div class=\"e-con-inner\">\n\t\t\t\t<div class=\"elementor-element elementor-element-363f380 elementor-widget elementor-widget-html\" data-id=\"363f380\" data-element_type=\"widget\" data-e-type=\"widget\" data-widget_type=\"html.default\">\n\t\t\t\t\t<div class=\"flourish-embed flourish-chart\" data-src=\"visualisation\/27956200\"><script src=\"https:\/\/public.flourish.studio\/resources\/embed.js\"><\/script><noscript><img decoding=\"async\" src=\"https:\/\/public.flourish.studio\/visualisation\/27956200\/thumbnail\" width=\"100%\" alt=\"visualization\" \/><\/noscript><\/div>\t\t\t\t<\/div>\n\t\t\t\t\t<\/div>\n\t\t\t\t<\/div>\n\t\t<div class=\"elementor-element elementor-element-1f1c8f3 e-flex e-con-boxed e-con e-parent\" data-id=\"1f1c8f3\" data-element_type=\"container\" data-e-type=\"container\">\n\t\t\t\t\t<div class=\"e-con-inner\">\n\t\t\t\t<div class=\"elementor-element elementor-element-0f60fbe elementor-widget elementor-widget-text-editor\" data-id=\"0f60fbe\" data-element_type=\"widget\" data-e-type=\"widget\" data-widget_type=\"text-editor.default\">\n\t\t\t\t\t\t\t\t\t<h5>Dla wynik\u00f3w 50s i lepszych w okresie 1969-1977 szybciej biega\u0142o co najmniej 100 zawodnik\u00f3w, z czego w latach 1975-1977 prawie 140. W latach 1992-1997 50s \u0142amano du\u017co rzadziej, z minimum w 1993 roku (43). W latach 2023-2025 nast\u0105pi\u0142 znaczny wzrost liczby sprinter\u00f3w biegaj\u0105cych w tym zakresie i ponownie przekracza liczb\u0119 100.<\/h5>\t\t\t\t\t\t\t\t<\/div>\n\t\t\t\t\t<\/div>\n\t\t\t\t<\/div>\n\t\t<div class=\"elementor-element elementor-element-6e68cb9 e-flex e-con-boxed e-con e-parent\" data-id=\"6e68cb9\" data-element_type=\"container\" data-e-type=\"container\">\n\t\t\t\t\t<div class=\"e-con-inner\">\n\t\t\t\t<div class=\"elementor-element elementor-element-3669a5f elementor-widget elementor-widget-text-editor\" data-id=\"3669a5f\" data-element_type=\"widget\" data-e-type=\"widget\" data-widget_type=\"text-editor.default\">\n\t\t\t\t\t\t\t\t\t<h4><em>Wiek zawodnik\u00f3w, kt\u00f3rzy osi\u0105gn\u0119li wynik 47.0 i lepszy\u00a0 &#8211; pomiar r\u0119czny. P<\/em><em>o klikni\u0119ciu na s\u0142upek wy\u015bwietlaj\u0105 si\u0119 nazwiska<\/em><\/h4>\t\t\t\t\t\t\t\t<\/div>\n\t\t\t\t\t<\/div>\n\t\t\t\t<\/div>\n\t\t<div class=\"elementor-element elementor-element-4b688c2 e-flex e-con-boxed e-con e-parent\" data-id=\"4b688c2\" data-element_type=\"container\" data-e-type=\"container\">\n\t\t\t\t\t<div class=\"e-con-inner\">\n\t\t\t\t<div class=\"elementor-element elementor-element-3a46c97 elementor-widget elementor-widget-html\" data-id=\"3a46c97\" data-element_type=\"widget\" data-e-type=\"widget\" data-widget_type=\"html.default\">\n\t\t\t\t\t<div class=\"flourish-embed flourish-chart\" data-src=\"visualisation\/27956318\"><script src=\"https:\/\/public.flourish.studio\/resources\/embed.js\"><\/script><noscript><img decoding=\"async\" src=\"https:\/\/public.flourish.studio\/visualisation\/27956318\/thumbnail\" width=\"100%\" alt=\"visualization\" \/><\/noscript><\/div>\t\t\t\t<\/div>\n\t\t\t\t\t<\/div>\n\t\t\t\t<\/div>\n\t\t<div class=\"elementor-element elementor-element-47a919d e-flex e-con-boxed e-con e-parent\" data-id=\"47a919d\" data-element_type=\"container\" data-e-type=\"container\">\n\t\t\t\t\t<div class=\"e-con-inner\">\n\t\t\t\t<div class=\"elementor-element elementor-element-e215efa elementor-widget elementor-widget-text-editor\" data-id=\"e215efa\" data-element_type=\"widget\" data-e-type=\"widget\" data-widget_type=\"text-editor.default\">\n\t\t\t\t\t\t\t\t\t<h4><em>Wiek zawodnik\u00f3w, kt\u00f3rzy osi\u0105gn\u0119li wynik\u00a0 46.00 i lepszy\u00a0 &#8211; pomiar do 0.01s. Po klikni\u0119ciu na s\u0142upek wy\u015bwietlaj\u0105 si\u0119 nazwiska<\/em><\/h4>\t\t\t\t\t\t\t\t<\/div>\n\t\t\t\t\t<\/div>\n\t\t\t\t<\/div>\n\t\t<div class=\"elementor-element elementor-element-07e47fe e-flex e-con-boxed e-con e-parent\" data-id=\"07e47fe\" data-element_type=\"container\" data-e-type=\"container\">\n\t\t\t\t\t<div class=\"e-con-inner\">\n\t\t\t\t<div class=\"elementor-element elementor-element-f5ee33d elementor-widget elementor-widget-html\" data-id=\"f5ee33d\" data-element_type=\"widget\" data-e-type=\"widget\" data-widget_type=\"html.default\">\n\t\t\t\t\t<div class=\"flourish-embed flourish-chart\" data-src=\"visualisation\/27956241\"><script src=\"https:\/\/public.flourish.studio\/resources\/embed.js\"><\/script><noscript><img decoding=\"async\" src=\"https:\/\/public.flourish.studio\/visualisation\/27956241\/thumbnail\" width=\"100%\" alt=\"visualization\" \/><\/noscript><\/div>\t\t\t\t<\/div>\n\t\t\t\t\t<\/div>\n\t\t\t\t<\/div>\n\t\t<div class=\"elementor-element elementor-element-f8084d4 e-flex e-con-boxed e-con e-parent\" data-id=\"f8084d4\" data-element_type=\"container\" data-e-type=\"container\">\n\t\t\t\t\t<div class=\"e-con-inner\">\n\t\t\t\t<div class=\"elementor-element elementor-element-9ddf3e3 elementor-widget elementor-widget-text-editor\" data-id=\"9ddf3e3\" data-element_type=\"widget\" data-e-type=\"widget\" data-widget_type=\"text-editor.default\">\n\t\t\t\t\t\t\t\t\t<h4><em>Wiek uzyskania rekordu \u017cyciowego dla zawodnik\u00f3w z wynikiem 47.0 i lepszym &#8211; pomiar do 0.1s\u00a0 (po\u00a0 klikni\u0119ciu na s\u0142upek wy\u015bwietlaj\u0105 si\u0119 nazwiska)<\/em><\/h4>\t\t\t\t\t\t\t\t<\/div>\n\t\t\t\t\t<\/div>\n\t\t\t\t<\/div>\n\t\t<div class=\"elementor-element elementor-element-7ba9f85 e-flex e-con-boxed e-con e-parent\" data-id=\"7ba9f85\" data-element_type=\"container\" data-e-type=\"container\">\n\t\t\t\t\t<div class=\"e-con-inner\">\n\t\t\t\t<div class=\"elementor-element elementor-element-7d6f25e elementor-widget elementor-widget-html\" data-id=\"7d6f25e\" data-element_type=\"widget\" data-e-type=\"widget\" data-widget_type=\"html.default\">\n\t\t\t\t\t<div class=\"flourish-embed flourish-chart\" data-src=\"visualisation\/27956990\"><script src=\"https:\/\/public.flourish.studio\/resources\/embed.js\"><\/script><noscript><img decoding=\"async\" src=\"https:\/\/public.flourish.studio\/visualisation\/27956990\/thumbnail\" width=\"100%\" alt=\"visualization\" \/><\/noscript><\/div>\t\t\t\t<\/div>\n\t\t\t\t\t<\/div>\n\t\t\t\t<\/div>\n\t\t<div class=\"elementor-element elementor-element-a5c8440 e-flex e-con-boxed e-con e-parent\" data-id=\"a5c8440\" data-element_type=\"container\" data-e-type=\"container\">\n\t\t\t\t\t<div class=\"e-con-inner\">\n\t\t\t\t<div class=\"elementor-element elementor-element-e026bb0 elementor-widget elementor-widget-text-editor\" data-id=\"e026bb0\" data-element_type=\"widget\" data-e-type=\"widget\" data-widget_type=\"text-editor.default\">\n\t\t\t\t\t\t\t\t\t<h4><em>Wiek uzyskania rekordu \u017cyciowego dla zawodnik\u00f3w z wynikiem 46.50 i lepszym &#8211; pomiar do 0.01s\u00a0 (po\u00a0 klikni\u0119ciu na s\u0142upek wy\u015bwietlaj\u0105 si\u0119 nazwiska)<\/em><\/h4>\t\t\t\t\t\t\t\t<\/div>\n\t\t\t\t\t<\/div>\n\t\t\t\t<\/div>\n\t\t<div class=\"elementor-element elementor-element-d6a0106 e-flex e-con-boxed e-con e-parent\" data-id=\"d6a0106\" data-element_type=\"container\" data-e-type=\"container\">\n\t\t\t\t\t<div class=\"e-con-inner\">\n\t\t\t\t<div class=\"elementor-element elementor-element-98c5e61 elementor-widget elementor-widget-html\" data-id=\"98c5e61\" data-element_type=\"widget\" data-e-type=\"widget\" data-widget_type=\"html.default\">\n\t\t\t\t\t<div class=\"flourish-embed flourish-chart\" data-src=\"visualisation\/27957179\"><script src=\"https:\/\/public.flourish.studio\/resources\/embed.js\"><\/script><noscript><img decoding=\"async\" src=\"https:\/\/public.flourish.studio\/visualisation\/27957179\/thumbnail\" width=\"100%\" alt=\"visualization\" \/><\/noscript><\/div>\t\t\t\t<\/div>\n\t\t\t\t\t<\/div>\n\t\t\t\t<\/div>\n\t\t\t\t<\/div>\n\t\t","protected":false},"excerpt":{"rendered":"<p>Wyniki polskich zawodnik\u00f3w na pozycjach 1, 5, 10, 20 ,50 na 400m w latach 1920-2025. \u015arednie ruchome (5-letnie) z top 10 i top 30. Mo\u017cliwo\u015b\u0107 filtrowania pod wzgl\u0119dem rodzaju pomiaru. W pustym polu poni\u017cej mo\u017cliwo\u015b\u0107 wyboru wybranych wykres\u00f3w spo\u015br\u00f3d siedmiu linii. W latach przedwojennych systematyczny wzrost poziomu 10. i 30. zawodnika, z wyhamowaniem progresu w [&hellip;]<\/p>\n","protected":false},"author":1,"featured_media":0,"parent":0,"menu_order":0,"comment_status":"closed","ping_status":"closed","template":"","meta":{"footnotes":""},"class_list":["post-1771","page","type-page","status-publish","czr-hentry"],"_links":{"self":[{"href":"https:\/\/lekkoatletykawpolsce.pl\/index.php\/wp-json\/wp\/v2\/pages\/1771","targetHints":{"allow":["GET"]}}],"collection":[{"href":"https:\/\/lekkoatletykawpolsce.pl\/index.php\/wp-json\/wp\/v2\/pages"}],"about":[{"href":"https:\/\/lekkoatletykawpolsce.pl\/index.php\/wp-json\/wp\/v2\/types\/page"}],"author":[{"embeddable":true,"href":"https:\/\/lekkoatletykawpolsce.pl\/index.php\/wp-json\/wp\/v2\/users\/1"}],"replies":[{"embeddable":true,"href":"https:\/\/lekkoatletykawpolsce.pl\/index.php\/wp-json\/wp\/v2\/comments?post=1771"}],"version-history":[{"count":49,"href":"https:\/\/lekkoatletykawpolsce.pl\/index.php\/wp-json\/wp\/v2\/pages\/1771\/revisions"}],"predecessor-version":[{"id":2720,"href":"https:\/\/lekkoatletykawpolsce.pl\/index.php\/wp-json\/wp\/v2\/pages\/1771\/revisions\/2720"}],"wp:attachment":[{"href":"https:\/\/lekkoatletykawpolsce.pl\/index.php\/wp-json\/wp\/v2\/media?parent=1771"}],"curies":[{"name":"wp","href":"https:\/\/api.w.org\/{rel}","templated":true}]}}