{"id":1723,"date":"2026-03-27T17:57:30","date_gmt":"2026-03-27T17:57:30","guid":{"rendered":"https:\/\/lekkoatletykawpolsce.pl\/?page_id=1723"},"modified":"2026-04-13T10:55:21","modified_gmt":"2026-04-13T10:55:21","slug":"200m-m-pl-swiat","status":"publish","type":"page","link":"https:\/\/lekkoatletykawpolsce.pl\/index.php\/200m-m-pl-swiat\/","title":{"rendered":"200m (M) &#8211; PL-\u015aWIAT"},"content":{"rendered":"\t\t<div data-elementor-type=\"wp-page\" data-elementor-id=\"1723\" class=\"elementor elementor-1723\">\n\t\t\t\t<div class=\"elementor-element elementor-element-23721eb e-flex e-con-boxed e-con e-parent\" data-id=\"23721eb\" data-element_type=\"container\" data-e-type=\"container\">\n\t\t\t\t\t<div class=\"e-con-inner\">\n\t\t\t\t<div class=\"elementor-element elementor-element-3bfa4fc elementor-widget elementor-widget-text-editor\" data-id=\"3bfa4fc\" data-element_type=\"widget\" data-e-type=\"widget\" data-widget_type=\"text-editor.default\">\n\t\t\t\t\t\t\t\t\t<h4><em>Liczba Polak\u00f3w w top100 \u015bwiatowych tabel w latach 1930-2025<\/em><\/h4>\t\t\t\t\t\t\t\t<\/div>\n\t\t\t\t\t<\/div>\n\t\t\t\t<\/div>\n\t\t<div class=\"elementor-element elementor-element-06ca0e4 e-flex e-con-boxed e-con e-parent\" data-id=\"06ca0e4\" data-element_type=\"container\" data-e-type=\"container\">\n\t\t\t\t\t<div class=\"e-con-inner\">\n\t\t\t\t<div class=\"elementor-element elementor-element-2094fca elementor-widget elementor-widget-html\" data-id=\"2094fca\" data-element_type=\"widget\" data-e-type=\"widget\" data-widget_type=\"html.default\">\n\t\t\t\t\t<div class=\"flourish-embed flourish-chart\" data-src=\"visualisation\/27936535\"><script src=\"https:\/\/public.flourish.studio\/resources\/embed.js\"><\/script><noscript><img decoding=\"async\" src=\"https:\/\/public.flourish.studio\/visualisation\/27936535\/thumbnail\" width=\"100%\" alt=\"visualization\" \/><\/noscript><\/div>\t\t\t\t<\/div>\n\t\t\t\t\t<\/div>\n\t\t\t\t<\/div>\n\t\t<div class=\"elementor-element elementor-element-aee9e35 e-flex e-con-boxed e-con e-parent\" data-id=\"aee9e35\" data-element_type=\"container\" data-e-type=\"container\">\n\t\t\t\t\t<div class=\"e-con-inner\">\n\t\t\t\t<div class=\"elementor-element elementor-element-fa924d9 elementor-widget elementor-widget-text-editor\" data-id=\"fa924d9\" data-element_type=\"widget\" data-e-type=\"widget\" data-widget_type=\"text-editor.default\">\n\t\t\t\t\t\t\t\t\t<h5>W przypadku 200m Polscy sprinterzy rzadziej zajmowali miejsca w top 100 na \u015bwiecie (123 razy) ni\u017c na o po\u0142ow\u0119 kr\u00f3tszym dystansie. Lata 1959,1962 i 1965 to 5 sprinter\u00f3w w \u015bwiatowych tabelach. W latach 1952-1986 nieprzerwanie co najmniej jeden Polak by\u0142 w czo\u0142owej setce dwustumetrowc\u00f3w. W latach 90. dotyczy\u0142o to pojedynczych zawodnik\u00f3w z Polski. W XXI wieku wyj\u0105tek stanowi\u0142 rok 2002 z czterema Polakami w top 100. W ostatnich 15 latach tylko 6 razy mieli\u015bmy sprinter\u00f3w z Polski w \u015bwiatowych zestawieniach.<\/h5>\t\t\t\t\t\t\t\t<\/div>\n\t\t\t\t\t<\/div>\n\t\t\t\t<\/div>\n\t\t<div class=\"elementor-element elementor-element-63cb2f0 e-flex e-con-boxed e-con e-parent\" data-id=\"63cb2f0\" data-element_type=\"container\" data-e-type=\"container\">\n\t\t\t\t\t<div class=\"e-con-inner\">\n\t\t\t\t<div class=\"elementor-element elementor-element-fe8e457 elementor-widget elementor-widget-text-editor\" data-id=\"fe8e457\" data-element_type=\"widget\" data-e-type=\"widget\" data-widget_type=\"text-editor.default\">\n\t\t\t\t\t\t\t\t\t<h4><em>Liczba Polak\u00f3w w top 20 na \u015bwiecie i na dalszych pozycjach w poszczeg\u00f3lnych okresach<\/em><\/h4>\t\t\t\t\t\t\t\t<\/div>\n\t\t\t\t\t<\/div>\n\t\t\t\t<\/div>\n\t\t<div class=\"elementor-element elementor-element-71d41fa e-con-full e-flex e-con e-parent\" data-id=\"71d41fa\" data-element_type=\"container\" data-e-type=\"container\">\n\t\t\t\t<div class=\"elementor-element elementor-element-c84cea4 elementor-widget elementor-widget-html\" data-id=\"c84cea4\" data-element_type=\"widget\" data-e-type=\"widget\" data-widget_type=\"html.default\">\n\t\t\t\t\t<div class=\"flourish-embed flourish-chart\" data-src=\"visualisation\/27936551\"><script src=\"https:\/\/public.flourish.studio\/resources\/embed.js\"><\/script><noscript><img decoding=\"async\" src=\"https:\/\/public.flourish.studio\/visualisation\/27936551\/thumbnail\" width=\"100%\" alt=\"visualization\" \/><\/noscript><\/div>\t\t\t\t<\/div>\n\t\t\t\t<\/div>\n\t\t<div class=\"elementor-element elementor-element-a300d70 e-flex e-con-boxed e-con e-parent\" data-id=\"a300d70\" data-element_type=\"container\" data-e-type=\"container\">\n\t\t\t\t\t<div class=\"e-con-inner\">\n\t\t\t\t<div class=\"elementor-element elementor-element-b234baa elementor-widget elementor-widget-text-editor\" data-id=\"b234baa\" data-element_type=\"widget\" data-e-type=\"widget\" data-widget_type=\"text-editor.default\">\n\t\t\t\t\t\t\t\t\t<h5>Dwie trzecie miejsc w top 100 dotyczy lat 1946-1980. W ostatnich 5 latach pomimo wzrostu poziomu tej konkurencji w Polsce, coraz trudniej dosta\u0107 si\u0119 do \u015bwiatowych zestawie\u0144 ze wzgl\u0119du na jeszcze wi\u0119kszy globalny progres. Polacy w historii 12 razy znale\u017ali si\u0119 w top 20 globalnych tabel, z czego pi\u0119ciokrotnie dotyczy\u0142o to dekady 1961-1970.<\/h5>\t\t\t\t\t\t\t\t<\/div>\n\t\t\t\t\t<\/div>\n\t\t\t\t<\/div>\n\t\t<div class=\"elementor-element elementor-element-580959a e-flex e-con-boxed e-con e-parent\" data-id=\"580959a\" data-element_type=\"container\" data-e-type=\"container\">\n\t\t\t\t\t<div class=\"e-con-inner\">\n\t\t\t\t<div class=\"elementor-element elementor-element-14a5566 elementor-widget elementor-widget-text-editor\" data-id=\"14a5566\" data-element_type=\"widget\" data-e-type=\"widget\" data-widget_type=\"text-editor.default\">\n\t\t\t\t\t\t\t\t\t<h4><em>Liczba punkt\u00f3w za pozycje w \u015bwiatowej setce sprinter\u00f3w wraz z najlepszym miejscem poszczeg\u00f3lnych zawodnik\u00f3w<\/em><\/h4>\t\t\t\t\t\t\t\t<\/div>\n\t\t\t\t\t<\/div>\n\t\t\t\t<\/div>\n\t\t<div class=\"elementor-element elementor-element-ac23432 e-flex e-con-boxed e-con e-parent\" data-id=\"ac23432\" data-element_type=\"container\" data-e-type=\"container\">\n\t\t\t\t\t<div class=\"e-con-inner\">\n\t\t\t\t<div class=\"elementor-element elementor-element-f0f8e87 elementor-widget elementor-widget-text-editor\" data-id=\"f0f8e87\" data-element_type=\"widget\" data-e-type=\"widget\" data-widget_type=\"text-editor.default\">\n\t\t\t\t\t\t\t\t\t<h5>Spo\u015br\u00f3d Polak\u00f3w, najwi\u0119ksz\u0105 zdobycz punktow\u0105 za pozycje w pierwszej setce na \u015bwiecie okupuje Marian Foik z liczb\u0105 527, co na tle innych konkurencji w tym biegowych jest stosunkowo s\u0142abym osi\u0105gni\u0119ciem. Rekordzista Polski Marcin Urba\u015b na 3. Miejscu w tym zestawieniu.<\/h5>\t\t\t\t\t\t\t\t<\/div>\n\t\t\t\t\t<\/div>\n\t\t\t\t<\/div>\n\t\t<div class=\"elementor-element elementor-element-f00ca47 e-flex e-con-boxed e-con e-parent\" data-id=\"f00ca47\" data-element_type=\"container\" data-e-type=\"container\">\n\t\t\t\t\t<div class=\"e-con-inner\">\n\t\t\t\t<div class=\"elementor-element elementor-element-91c1f65 elementor-widget elementor-widget-html\" data-id=\"91c1f65\" data-element_type=\"widget\" data-e-type=\"widget\" data-widget_type=\"html.default\">\n\t\t\t\t\t<div class=\"flourish-embed flourish-chart\" data-src=\"visualisation\/27936564\"><script src=\"https:\/\/public.flourish.studio\/resources\/embed.js\"><\/script><noscript><img decoding=\"async\" src=\"https:\/\/public.flourish.studio\/visualisation\/27936564\/thumbnail\" width=\"100%\" alt=\"visualization\" \/><\/noscript><\/div>\t\t\t\t<\/div>\n\t\t\t\t\t<\/div>\n\t\t\t\t<\/div>\n\t\t<div class=\"elementor-element elementor-element-ecf4918 e-flex e-con-boxed e-con e-parent\" data-id=\"ecf4918\" data-element_type=\"container\" data-e-type=\"container\">\n\t\t\t\t\t<div class=\"e-con-inner\">\n\t\t\t\t<div class=\"elementor-element elementor-element-eb0e787 elementor-widget elementor-widget-text-editor\" data-id=\"eb0e787\" data-element_type=\"widget\" data-e-type=\"widget\" data-widget_type=\"text-editor.default\">\n\t\t\t\t\t\t\t\t\t<h4><em>Zestawienie wszystkich pozycji polskich sprinter\u00f3w w top100 na \u015bwiecie w poszczeg\u00f3lnych latach <\/em><\/h4>\t\t\t\t\t\t\t\t<\/div>\n\t\t\t\t\t<\/div>\n\t\t\t\t<\/div>\n\t\t<div class=\"elementor-element elementor-element-a0ed499 e-flex e-con-boxed e-con e-parent\" data-id=\"a0ed499\" data-element_type=\"container\" data-e-type=\"container\">\n\t\t\t\t\t<div class=\"e-con-inner\">\n\t\t\t\t<div class=\"elementor-element elementor-element-07f253f elementor-widget elementor-widget-text-editor\" data-id=\"07f253f\" data-element_type=\"widget\" data-e-type=\"widget\" data-widget_type=\"text-editor.default\">\n\t\t\t\t\t\t\t\t\t<h5>W poni\u017cszej tabeli jest mo\u017cliwo\u015b\u0107 sortowania wynik\u00f3w wg lat i pozycji na listach. Dodatkowo w polu wyszukiwania mo\u017cna wpisa\u0107 danego zawodnika, by sprawdzi\u0107 jak cz\u0119sto i w jakich latach znalaz\u0142 si\u0119 w top 100 na \u015bwiecie.<\/h5><h5>W czo\u0142owej dziesi\u0105tce na \u015bwiecie polscy sprinterzy znale\u017ali si\u0119 sporadycznie (6 razy), z czego jedynie Marian Foik dwukrotnie (w tym najlepsza pozycja w historii \u2013 4).\u00a0 Pierwsze pojawienie si\u0119 Polaka w globalnym zestawieniu to rok 1930, a ostatnie w 2022 r.<\/h5>\t\t\t\t\t\t\t\t<\/div>\n\t\t\t\t\t<\/div>\n\t\t\t\t<\/div>\n\t\t<div class=\"elementor-element elementor-element-de95b5d e-flex e-con-boxed e-con e-parent\" data-id=\"de95b5d\" data-element_type=\"container\" data-e-type=\"container\">\n\t\t\t\t\t<div class=\"e-con-inner\">\n\t\t\t\t<div class=\"elementor-element elementor-element-ec9694f elementor-widget elementor-widget-html\" data-id=\"ec9694f\" data-element_type=\"widget\" data-e-type=\"widget\" data-widget_type=\"html.default\">\n\t\t\t\t\t<div class=\"flourish-embed flourish-chart\" data-src=\"visualisation\/27936564\"><script src=\"https:\/\/public.flourish.studio\/resources\/embed.js\"><\/script><noscript><img decoding=\"async\" src=\"https:\/\/public.flourish.studio\/visualisation\/27936564\/thumbnail\" width=\"100%\" alt=\"visualization\" \/><\/noscript><\/div>\t\t\t\t<\/div>\n\t\t\t\t\t<\/div>\n\t\t\t\t<\/div>\n\t\t\t\t<\/div>\n\t\t","protected":false},"excerpt":{"rendered":"<p>Liczba Polak\u00f3w w top100 \u015bwiatowych tabel w latach 1930-2025 W przypadku 200m Polscy sprinterzy rzadziej zajmowali miejsca w top 100 na \u015bwiecie (123 razy) ni\u017c na o po\u0142ow\u0119 kr\u00f3tszym dystansie. Lata 1959,1962 i 1965 to 5 sprinter\u00f3w w \u015bwiatowych tabelach. W latach 1952-1986 nieprzerwanie co najmniej jeden Polak by\u0142 w czo\u0142owej setce dwustumetrowc\u00f3w. W latach [&hellip;]<\/p>\n","protected":false},"author":1,"featured_media":0,"parent":0,"menu_order":0,"comment_status":"closed","ping_status":"closed","template":"","meta":{"footnotes":""},"class_list":["post-1723","page","type-page","status-publish","czr-hentry"],"_links":{"self":[{"href":"https:\/\/lekkoatletykawpolsce.pl\/index.php\/wp-json\/wp\/v2\/pages\/1723","targetHints":{"allow":["GET"]}}],"collection":[{"href":"https:\/\/lekkoatletykawpolsce.pl\/index.php\/wp-json\/wp\/v2\/pages"}],"about":[{"href":"https:\/\/lekkoatletykawpolsce.pl\/index.php\/wp-json\/wp\/v2\/types\/page"}],"author":[{"embeddable":true,"href":"https:\/\/lekkoatletykawpolsce.pl\/index.php\/wp-json\/wp\/v2\/users\/1"}],"replies":[{"embeddable":true,"href":"https:\/\/lekkoatletykawpolsce.pl\/index.php\/wp-json\/wp\/v2\/comments?post=1723"}],"version-history":[{"count":19,"href":"https:\/\/lekkoatletykawpolsce.pl\/index.php\/wp-json\/wp\/v2\/pages\/1723\/revisions"}],"predecessor-version":[{"id":2733,"href":"https:\/\/lekkoatletykawpolsce.pl\/index.php\/wp-json\/wp\/v2\/pages\/1723\/revisions\/2733"}],"wp:attachment":[{"href":"https:\/\/lekkoatletykawpolsce.pl\/index.php\/wp-json\/wp\/v2\/media?parent=1723"}],"curies":[{"name":"wp","href":"https:\/\/api.w.org\/{rel}","templated":true}]}}