{"id":1680,"date":"2026-03-27T17:47:41","date_gmt":"2026-03-27T17:47:41","guid":{"rendered":"https:\/\/lekkoatletykawpolsce.pl\/?page_id=1680"},"modified":"2026-04-13T10:13:39","modified_gmt":"2026-04-13T10:13:39","slug":"200m-m-rezultaty","status":"publish","type":"page","link":"https:\/\/lekkoatletykawpolsce.pl\/index.php\/200m-m-rezultaty\/","title":{"rendered":"200m (M) &#8211; REZULTATY"},"content":{"rendered":"\t\t<div data-elementor-type=\"wp-page\" data-elementor-id=\"1680\" class=\"elementor elementor-1680\">\n\t\t\t\t<div class=\"elementor-element elementor-element-cbd0a27 e-flex e-con-boxed e-con e-parent\" data-id=\"cbd0a27\" data-element_type=\"container\" data-e-type=\"container\" data-settings=\"{&quot;background_background&quot;:&quot;gradient&quot;}\">\n\t\t\t\t\t<div class=\"e-con-inner\">\n\t\t\t\t<div class=\"elementor-element elementor-element-a0dbdd2 elementor-widget elementor-widget-text-editor\" data-id=\"a0dbdd2\" data-element_type=\"widget\" data-e-type=\"widget\" data-widget_type=\"text-editor.default\">\n\t\t\t\t\t\t\t\t\t<h4><em>Wyniki polskich zawodnik\u00f3w na pozycjach 1, 5, 10, 20 i 50 na 100m w latach 1920-2025. \u015arednie ruchome (5-letnie) z top 10 i top 30.<\/em><\/h4><h4><em>Mo\u017cliwo\u015b\u0107 filtrowania pod wzgl\u0119dem rodzaju pomiaru. W pustym polu poni\u017cej mo\u017cliwo\u015b\u0107 wyboru wybranych wykres\u00f3w spo\u015br\u00f3d siedmiu linii.<\/em><\/h4>\t\t\t\t\t\t\t\t<\/div>\n\t\t\t\t\t<\/div>\n\t\t\t\t<\/div>\n\t\t<div class=\"elementor-element elementor-element-4d41c7e e-flex e-con-boxed e-con e-parent\" data-id=\"4d41c7e\" data-element_type=\"container\" data-e-type=\"container\">\n\t\t\t\t\t<div class=\"e-con-inner\">\n\t\t\t\t<div class=\"elementor-element elementor-element-281369a elementor-widget elementor-widget-html\" data-id=\"281369a\" data-element_type=\"widget\" data-e-type=\"widget\" data-widget_type=\"html.default\">\n\t\t\t\t\t<div class=\"flourish-embed flourish-chart\" data-src=\"visualisation\/27935560\"><script src=\"https:\/\/public.flourish.studio\/resources\/embed.js\"><\/script><noscript><img decoding=\"async\" src=\"https:\/\/public.flourish.studio\/visualisation\/27935560\/thumbnail\" width=\"100%\" alt=\"visualization\" \/><\/noscript><\/div>\t\t\t\t<\/div>\n\t\t\t\t\t<\/div>\n\t\t\t\t<\/div>\n\t\t<div class=\"elementor-element elementor-element-1693361 e-flex e-con-boxed e-con e-parent\" data-id=\"1693361\" data-element_type=\"container\" data-e-type=\"container\">\n\t\t\t\t\t<div class=\"e-con-inner\">\n\t\t\t\t<div class=\"elementor-element elementor-element-184b80c elementor-widget elementor-widget-text-editor\" data-id=\"184b80c\" data-element_type=\"widget\" data-e-type=\"widget\" data-widget_type=\"text-editor.default\">\n\t\t\t\t\t\t\t\t\t<h5>W latach przedwojennych systematyczny wzrost poziomu 10. i 30. zawodnika, z niedu\u017cym przestojem w przypadku dziesi\u0105tego sprintera na pocz\u0105tku lat 30. Do pierwszej po\u0142owy lat 70. dalszy wzrost poziomu polskich 200-metrowc\u00f3w z okresem stabilizacji w latach 80. Nast\u0119pnie okres regresu w pierwszej po\u0142owie lat 90. (zdarza\u0142y si\u0119 wyniku lider\u00f3w powy\u017cej 21s) i odbicie nawr\u00f3t do poziomu wcze\u015bniejszych lat na pocz\u0105tku XXI w. Przez pierwsze 2 dekady XXI wieku stabilizacja lub delikatny regres. Od ok. 2020 roku kolejny okres progresu 10 i 30 zawodnik\u00f3w do najlepszego w historii poziomu tej konkurencji w Polsce. W obecnych latach najlepsze wyniki zawodnik\u00f3w na 10.,30. i 50. pozycji (bior\u0105c pod uwag\u0119 czas mierzony do 0.01s)<\/h5>\t\t\t\t\t\t\t\t<\/div>\n\t\t\t\t\t<\/div>\n\t\t\t\t<\/div>\n\t\t<div class=\"elementor-element elementor-element-ba8d937 e-flex e-con-boxed e-con e-parent\" data-id=\"ba8d937\" data-element_type=\"container\" data-e-type=\"container\">\n\t\t\t\t\t<div class=\"e-con-inner\">\n\t\t\t\t<div class=\"elementor-element elementor-element-1c3d82e elementor-widget elementor-widget-text-editor\" data-id=\"1c3d82e\" data-element_type=\"widget\" data-e-type=\"widget\" data-widget_type=\"text-editor.default\">\n\t\t\t\t\t\t\t\t\t<h4><em>Liczba zawodnik\u00f3w, kt\u00f3rzy w danym roku uzyskali okre\u015blony wynik lub wynik lepszy (pomiar z dok\u0142adno\u015bci\u0105 do 0.1s\u00a0 do roku 1976)<\/em><\/h4>\t\t\t\t\t\t\t\t<\/div>\n\t\t\t\t\t<\/div>\n\t\t\t\t<\/div>\n\t\t<div class=\"elementor-element elementor-element-7e195d9 e-flex e-con-boxed e-con e-parent\" data-id=\"7e195d9\" data-element_type=\"container\" data-e-type=\"container\">\n\t\t\t\t\t<div class=\"e-con-inner\">\n\t\t\t\t<div class=\"elementor-element elementor-element-3ecf2c8 elementor-widget elementor-widget-html\" data-id=\"3ecf2c8\" data-element_type=\"widget\" data-e-type=\"widget\" data-widget_type=\"html.default\">\n\t\t\t\t\t<div class=\"flourish-embed flourish-chart\" data-src=\"visualisation\/27935921\"><script src=\"https:\/\/public.flourish.studio\/resources\/embed.js\"><\/script><noscript><img decoding=\"async\" src=\"https:\/\/public.flourish.studio\/visualisation\/27935921\/thumbnail\" width=\"100%\" alt=\"visualization\" \/><\/noscript><\/div>\t\t\t\t<\/div>\n\t\t\t\t\t<\/div>\n\t\t\t\t<\/div>\n\t\t<div class=\"elementor-element elementor-element-3e1cecd e-flex e-con-boxed e-con e-parent\" data-id=\"3e1cecd\" data-element_type=\"container\" data-e-type=\"container\">\n\t\t\t\t\t<div class=\"e-con-inner\">\n\t\t\t\t<div class=\"elementor-element elementor-element-42e3760 elementor-widget elementor-widget-text-editor\" data-id=\"42e3760\" data-element_type=\"widget\" data-e-type=\"widget\" data-widget_type=\"text-editor.default\">\n\t\t\t\t\t\t\t\t\t<h5>Bior\u0105c pod uwag\u0119 wyniki co najmniej 20.9s to mamy do czynienia z ci\u0105g\u0142\u0105 progresj\u0105 liczby zawodnik\u00f3w biegaj\u0105cych w tym zakresie \u2013 z kulminacj\u0105 w 1975 r. (82). W przypadku zakresu 21.4s i szybciej podobna tendencja, ale maksimum liczby zawodnik\u00f3w biegaj\u0105cych w tym zakresie przypada na lata 1973-1974. Najszybszy przedzia\u0142 czasowy (20.9s i szybciej) osi\u0105gn\u0105\u0142 maksimum w ostatnim roku (1976) pomiar\u00f3w z dok\u0142adno\u015bci\u0105 do 0.1s, a najlepsze lata \u2013 z wyj\u0105tkiem 1968 przypadaj\u0105 na pierwsz\u0105 po\u0142ow\u0119 lat 70.<\/h5>\t\t\t\t\t\t\t\t<\/div>\n\t\t\t\t\t<\/div>\n\t\t\t\t<\/div>\n\t\t<div class=\"elementor-element elementor-element-034d083 e-flex e-con-boxed e-con e-parent\" data-id=\"034d083\" data-element_type=\"container\" data-e-type=\"container\">\n\t\t\t\t\t<div class=\"e-con-inner\">\n\t\t\t\t<div class=\"elementor-element elementor-element-9e30707 elementor-widget elementor-widget-text-editor\" data-id=\"9e30707\" data-element_type=\"widget\" data-e-type=\"widget\" data-widget_type=\"text-editor.default\">\n\t\t\t\t\t\t\t\t\t<h4><em>Liczba zawodnik\u00f3w, kt\u00f3rzy w danym roku uzyskali okre\u015blony wynik lub wynik lepszy (pomiar z dok\u0142adno\u015bci\u0105 do 0.01 s od roku 1978)<\/em><\/h4>\t\t\t\t\t\t\t\t<\/div>\n\t\t\t\t\t<\/div>\n\t\t\t\t<\/div>\n\t\t<div class=\"elementor-element elementor-element-dae63b3 e-flex e-con-boxed e-con e-parent\" data-id=\"dae63b3\" data-element_type=\"container\" data-e-type=\"container\">\n\t\t\t\t\t<div class=\"e-con-inner\">\n\t\t\t\t<div class=\"elementor-element elementor-element-170c49e elementor-widget elementor-widget-html\" data-id=\"170c49e\" data-element_type=\"widget\" data-e-type=\"widget\" data-widget_type=\"html.default\">\n\t\t\t\t\t<div class=\"flourish-embed flourish-chart\" data-src=\"visualisation\/27935992\"><script src=\"https:\/\/public.flourish.studio\/resources\/embed.js\"><\/script><noscript><img decoding=\"async\" src=\"https:\/\/public.flourish.studio\/visualisation\/27935992\/thumbnail\" width=\"100%\" alt=\"visualization\" \/><\/noscript><\/div>\t\t\t\t<\/div>\n\t\t\t\t\t<\/div>\n\t\t\t\t<\/div>\n\t\t<div class=\"elementor-element elementor-element-cc29f77 e-flex e-con-boxed e-con e-parent\" data-id=\"cc29f77\" data-element_type=\"container\" data-e-type=\"container\">\n\t\t\t\t\t<div class=\"e-con-inner\">\n\t\t\t\t<div class=\"elementor-element elementor-element-d6da5b4 elementor-widget elementor-widget-text-editor\" data-id=\"d6da5b4\" data-element_type=\"widget\" data-e-type=\"widget\" data-widget_type=\"text-editor.default\">\n\t\t\t\t\t\t\t\t\t<h5>W dw\u00f3ch latach pomiaru elektronicznego (1990, 1994) \u017caden zawodnik nie pobieg\u0142 szybciej ni\u017c 21s. Pojedyncze lata to 8 zawodnik\u00f3w biegaj\u0105cych poni\u017cej tej granicy z maksimum w latach 2023-2024 i spadkiem w roku 2025. W przypadku czas\u00f3w 20.75 i szybciej po dobrych katach 2000 i 2002 nast\u0105pi\u0142 spadek liczby sprinter\u00f3w by w latach 2023-2024 osi\u0105gn\u0105\u0107 najwy\u017csze liczebno\u015bci (odpowiednio 5 i 7). Biegi poni\u017cej 20.50s dotycz\u0105 pojedynczych lat \u2013 rzadziej 4 i 5 lat z rz\u0119du i pojedynczych zawodnik\u00f3w, z wyj\u0105tkiem 2002, gdzie 2 zawodnik\u00f3w osi\u0105gn\u0119\u0142o rezultaty z opisywanego zakresu (Marcin J\u0119drusi\u0144ski i Marcin Urba\u015b).<\/h5>\t\t\t\t\t\t\t\t<\/div>\n\t\t\t\t\t<\/div>\n\t\t\t\t<\/div>\n\t\t<div class=\"elementor-element elementor-element-d74ad01 e-flex e-con-boxed e-con e-parent\" data-id=\"d74ad01\" data-element_type=\"container\" data-e-type=\"container\">\n\t\t\t\t\t<div class=\"e-con-inner\">\n\t\t\t\t<div class=\"elementor-element elementor-element-4fb74b6 elementor-widget elementor-widget-text-editor\" data-id=\"4fb74b6\" data-element_type=\"widget\" data-e-type=\"widget\" data-widget_type=\"text-editor.default\">\n\t\t\t\t\t\t\t\t\t<h4><em>Liczba zawodnik\u00f3w, kt\u00f3rzy w danym roku uzyskali wynik poni\u017cej 22 sekund (pomiar z dok\u0142adno\u015bci\u0105 do 0.01 s od roku 1978)<\/em><\/h4>\t\t\t\t\t\t\t\t<\/div>\n\t\t\t\t\t<\/div>\n\t\t\t\t<\/div>\n\t\t<div class=\"elementor-element elementor-element-5c26ea2 e-flex e-con-boxed e-con e-parent\" data-id=\"5c26ea2\" data-element_type=\"container\" data-e-type=\"container\">\n\t\t\t\t\t<div class=\"e-con-inner\">\n\t\t\t\t<div class=\"elementor-element elementor-element-2f2401e elementor-widget elementor-widget-html\" data-id=\"2f2401e\" data-element_type=\"widget\" data-e-type=\"widget\" data-widget_type=\"html.default\">\n\t\t\t\t\t<div class=\"flourish-embed flourish-chart\" data-src=\"visualisation\/27936046\"><script src=\"https:\/\/public.flourish.studio\/resources\/embed.js\"><\/script><noscript><img decoding=\"async\" src=\"https:\/\/public.flourish.studio\/visualisation\/27936046\/thumbnail\" width=\"100%\" alt=\"visualization\" \/><\/noscript><\/div>\t\t\t\t<\/div>\n\t\t\t\t\t<\/div>\n\t\t\t\t<\/div>\n\t\t<div class=\"elementor-element elementor-element-7c839ee e-flex e-con-boxed e-con e-parent\" data-id=\"7c839ee\" data-element_type=\"container\" data-e-type=\"container\">\n\t\t\t\t\t<div class=\"e-con-inner\">\n\t\t\t\t<div class=\"elementor-element elementor-element-1464048 elementor-widget elementor-widget-text-editor\" data-id=\"1464048\" data-element_type=\"widget\" data-e-type=\"widget\" data-widget_type=\"text-editor.default\">\n\t\t\t\t\t\t\t\t\t<h5>Biegi poni\u017cej 22.00s to domena lat 2006-2025, w kt\u00f3rych liczba sprinter\u00f3w osi\u0105gaj\u0105cych taki wynik sporadycznie spada poni\u017cej 60 z kulminacj\u0105 w latach 2023 (79) oraz 2008 i 2005 (76 zawodnik\u00f3w w obu przypadkach).<\/h5>\t\t\t\t\t\t\t\t<\/div>\n\t\t\t\t\t<\/div>\n\t\t\t\t<\/div>\n\t\t<div class=\"elementor-element elementor-element-c5b1466 e-flex e-con-boxed e-con e-parent\" data-id=\"c5b1466\" data-element_type=\"container\" data-e-type=\"container\">\n\t\t\t\t\t<div class=\"e-con-inner\">\n\t\t<div class=\"elementor-element elementor-element-9d6515e e-con-full e-flex e-con e-child\" data-id=\"9d6515e\" data-element_type=\"container\" data-e-type=\"container\">\n\t\t\t\t<div class=\"elementor-element elementor-element-7176dcb elementor-widget elementor-widget-text-editor\" data-id=\"7176dcb\" data-element_type=\"widget\" data-e-type=\"widget\" data-widget_type=\"text-editor.default\">\n\t\t\t\t\t\t\t\t\t<h4><em>Wiek zawodnik\u00f3w, kt\u00f3rzy osi\u0105gn\u0119li wynik 21.0 i lepszy\u00a0 &#8211; pomiar r\u0119czny. P<\/em><em>o klikni\u0119ciu na s\u0142upek wy\u015bwietlaj\u0105 si\u0119 nazwiska<\/em><\/h4>\t\t\t\t\t\t\t\t<\/div>\n\t\t\t\t<\/div>\n\t\t\t\t\t<\/div>\n\t\t\t\t<\/div>\n\t\t<div class=\"elementor-element elementor-element-84c4979 e-flex e-con-boxed e-con e-parent\" data-id=\"84c4979\" data-element_type=\"container\" data-e-type=\"container\">\n\t\t\t\t\t<div class=\"e-con-inner\">\n\t\t\t\t<div class=\"elementor-element elementor-element-a65870d elementor-widget elementor-widget-html\" data-id=\"a65870d\" data-element_type=\"widget\" data-e-type=\"widget\" data-widget_type=\"html.default\">\n\t\t\t\t\t<div class=\"flourish-embed flourish-chart\" data-src=\"visualisation\/27936081\"><script src=\"https:\/\/public.flourish.studio\/resources\/embed.js\"><\/script><noscript><img decoding=\"async\" src=\"https:\/\/public.flourish.studio\/visualisation\/27936081\/thumbnail\" width=\"100%\" alt=\"visualization\" \/><\/noscript><\/div>\t\t\t\t<\/div>\n\t\t\t\t\t<\/div>\n\t\t\t\t<\/div>\n\t\t<div class=\"elementor-element elementor-element-ce0f31e e-flex e-con-boxed e-con e-parent\" data-id=\"ce0f31e\" data-element_type=\"container\" data-e-type=\"container\">\n\t\t\t\t\t<div class=\"e-con-inner\">\n\t\t\t\t<div class=\"elementor-element elementor-element-52a1b18 elementor-widget elementor-widget-text-editor\" data-id=\"52a1b18\" data-element_type=\"widget\" data-e-type=\"widget\" data-widget_type=\"text-editor.default\">\n\t\t\t\t\t\t\t\t\t<h4><em>Wiek zawodnik\u00f3w, kt\u00f3rzy osi\u0105gn\u0119li wynik 21.00 i lepszy\u00a0 &#8211; pomiar do 0.01s. Po klikni\u0119ciu na s\u0142upek wy\u015bwietlaj\u0105 si\u0119 nazwiska<\/em><\/h4>\t\t\t\t\t\t\t\t<\/div>\n\t\t<div class=\"elementor-element elementor-element-6d074ed e-con-full e-flex e-con e-child\" data-id=\"6d074ed\" data-element_type=\"container\" data-e-type=\"container\">\n\t\t\t\t<div class=\"elementor-element elementor-element-7d232d9 elementor-widget elementor-widget-html\" data-id=\"7d232d9\" data-element_type=\"widget\" data-e-type=\"widget\" data-widget_type=\"html.default\">\n\t\t\t\t\t<div class=\"flourish-embed flourish-chart\" data-src=\"visualisation\/27936109\"><script src=\"https:\/\/public.flourish.studio\/resources\/embed.js\"><\/script><noscript><img decoding=\"async\" src=\"https:\/\/public.flourish.studio\/visualisation\/27936109\/thumbnail\" width=\"100%\" alt=\"visualization\" \/><\/noscript><\/div>\t\t\t\t<\/div>\n\t\t\t\t<\/div>\n\t\t\t\t\t<\/div>\n\t\t\t\t<\/div>\n\t\t<div class=\"elementor-element elementor-element-2a4550a e-flex e-con-boxed e-con e-parent\" data-id=\"2a4550a\" data-element_type=\"container\" data-e-type=\"container\">\n\t\t\t\t\t<div class=\"e-con-inner\">\n\t\t\t\t<div class=\"elementor-element elementor-element-eb259c8 elementor-widget elementor-widget-text-editor\" data-id=\"eb259c8\" data-element_type=\"widget\" data-e-type=\"widget\" data-widget_type=\"text-editor.default\">\n\t\t\t\t\t\t\t\t\t<h4><em>Wiek uzyskania rekordu \u017cyciowego dla zawodnik\u00f3w z wynikiem 21.1s i lepszym &#8211; pomiar do 0.1s\u00a0 (po\u00a0 klikni\u0119ciu na s\u0142upek wy\u015bwietlaj\u0105 si\u0119 nazwiska)<\/em><\/h4>\t\t\t\t\t\t\t\t<\/div>\n\t\t\t\t\t<\/div>\n\t\t\t\t<\/div>\n\t\t<div class=\"elementor-element elementor-element-764e57d e-flex e-con-boxed e-con e-parent\" data-id=\"764e57d\" data-element_type=\"container\" data-e-type=\"container\">\n\t\t\t\t\t<div class=\"e-con-inner\">\n\t\t\t\t<div class=\"elementor-element elementor-element-5ae89eb elementor-widget elementor-widget-html\" data-id=\"5ae89eb\" data-element_type=\"widget\" data-e-type=\"widget\" data-widget_type=\"html.default\">\n\t\t\t\t\t<div class=\"flourish-embed flourish-chart\" data-src=\"visualisation\/27932155\"><script src=\"https:\/\/public.flourish.studio\/resources\/embed.js\"><\/script><noscript><img decoding=\"async\" src=\"https:\/\/public.flourish.studio\/visualisation\/27932155\/thumbnail\" width=\"100%\" alt=\"visualization\" \/><\/noscript><\/div>\t\t\t\t<\/div>\n\t\t\t\t\t<\/div>\n\t\t\t\t<\/div>\n\t\t<div class=\"elementor-element elementor-element-a5fa45f e-flex e-con-boxed e-con e-parent\" data-id=\"a5fa45f\" data-element_type=\"container\" data-e-type=\"container\">\n\t\t\t\t\t<div class=\"e-con-inner\">\n\t\t\t\t<div class=\"elementor-element elementor-element-02275ca elementor-widget elementor-widget-text-editor\" data-id=\"02275ca\" data-element_type=\"widget\" data-e-type=\"widget\" data-widget_type=\"text-editor.default\">\n\t\t\t\t\t\t\t\t\t<h4><em>Wiek uzyskania rekordu \u017cyciowego dla zawodnik\u00f3w z wynikiem 21.00s i lepszym &#8211; pomiar do 0.01s\u00a0 (po\u00a0 klikni\u0119ciu na s\u0142upek wy\u015bwietlaj\u0105 si\u0119 nazwiska)<\/em><\/h4>\t\t\t\t\t\t\t\t<\/div>\n\t\t\t\t\t<\/div>\n\t\t\t\t<\/div>\n\t\t<div class=\"elementor-element elementor-element-e121c65 e-flex e-con-boxed e-con e-parent\" data-id=\"e121c65\" data-element_type=\"container\" data-e-type=\"container\">\n\t\t\t\t\t<div class=\"e-con-inner\">\n\t\t\t\t<div class=\"elementor-element elementor-element-7ab7976 elementor-widget elementor-widget-html\" data-id=\"7ab7976\" data-element_type=\"widget\" data-e-type=\"widget\" data-widget_type=\"html.default\">\n\t\t\t\t\t<div class=\"flourish-embed flourish-chart\" data-src=\"visualisation\/27936172\"><script src=\"https:\/\/public.flourish.studio\/resources\/embed.js\"><\/script><noscript><img decoding=\"async\" src=\"https:\/\/public.flourish.studio\/visualisation\/27936172\/thumbnail\" width=\"100%\" alt=\"visualization\" \/><\/noscript><\/div>\t\t\t\t<\/div>\n\t\t\t\t\t<\/div>\n\t\t\t\t<\/div>\n\t\t\t\t<\/div>\n\t\t","protected":false},"excerpt":{"rendered":"<p>Wyniki polskich zawodnik\u00f3w na pozycjach 1, 5, 10, 20 i 50 na 100m w latach 1920-2025. \u015arednie ruchome (5-letnie) z top 10 i top 30. Mo\u017cliwo\u015b\u0107 filtrowania pod wzgl\u0119dem rodzaju pomiaru. W pustym polu poni\u017cej mo\u017cliwo\u015b\u0107 wyboru wybranych wykres\u00f3w spo\u015br\u00f3d siedmiu linii. W latach przedwojennych systematyczny wzrost poziomu 10. i 30. zawodnika, z niedu\u017cym przestojem [&hellip;]<\/p>\n","protected":false},"author":1,"featured_media":0,"parent":0,"menu_order":0,"comment_status":"closed","ping_status":"closed","template":"","meta":{"footnotes":""},"class_list":["post-1680","page","type-page","status-publish","czr-hentry"],"_links":{"self":[{"href":"https:\/\/lekkoatletykawpolsce.pl\/index.php\/wp-json\/wp\/v2\/pages\/1680","targetHints":{"allow":["GET"]}}],"collection":[{"href":"https:\/\/lekkoatletykawpolsce.pl\/index.php\/wp-json\/wp\/v2\/pages"}],"about":[{"href":"https:\/\/lekkoatletykawpolsce.pl\/index.php\/wp-json\/wp\/v2\/types\/page"}],"author":[{"embeddable":true,"href":"https:\/\/lekkoatletykawpolsce.pl\/index.php\/wp-json\/wp\/v2\/users\/1"}],"replies":[{"embeddable":true,"href":"https:\/\/lekkoatletykawpolsce.pl\/index.php\/wp-json\/wp\/v2\/comments?post=1680"}],"version-history":[{"count":49,"href":"https:\/\/lekkoatletykawpolsce.pl\/index.php\/wp-json\/wp\/v2\/pages\/1680\/revisions"}],"predecessor-version":[{"id":2711,"href":"https:\/\/lekkoatletykawpolsce.pl\/index.php\/wp-json\/wp\/v2\/pages\/1680\/revisions\/2711"}],"wp:attachment":[{"href":"https:\/\/lekkoatletykawpolsce.pl\/index.php\/wp-json\/wp\/v2\/media?parent=1680"}],"curies":[{"name":"wp","href":"https:\/\/api.w.org\/{rel}","templated":true}]}}