{"id":1621,"date":"2026-03-27T17:30:22","date_gmt":"2026-03-27T17:30:22","guid":{"rendered":"https:\/\/lekkoatletykawpolsce.pl\/?page_id=1621"},"modified":"2026-04-11T07:11:58","modified_gmt":"2026-04-11T07:11:58","slug":"100m-m-pl-swiat","status":"publish","type":"page","link":"https:\/\/lekkoatletykawpolsce.pl\/index.php\/100m-m-pl-swiat\/","title":{"rendered":"100m (M) &#8211; PL-\u015aWIAT"},"content":{"rendered":"\t\t<div data-elementor-type=\"wp-page\" data-elementor-id=\"1621\" class=\"elementor elementor-1621\">\n\t\t\t\t<div class=\"elementor-element elementor-element-eca44a5 e-flex e-con-boxed e-con e-parent\" data-id=\"eca44a5\" data-element_type=\"container\" data-e-type=\"container\">\n\t\t\t\t\t<div class=\"e-con-inner\">\n\t\t\t\t<div class=\"elementor-element elementor-element-29b4787 elementor-widget elementor-widget-text-editor\" data-id=\"29b4787\" data-element_type=\"widget\" data-e-type=\"widget\" data-widget_type=\"text-editor.default\">\n\t\t\t\t\t\t\t\t\t<h4><em>Liczba Polak\u00f3w w top100 \u015bwiatowych tabel w latach 1923-2025<\/em><\/h4>\t\t\t\t\t\t\t\t<\/div>\n\t\t\t\t\t<\/div>\n\t\t\t\t<\/div>\n\t\t<div class=\"elementor-element elementor-element-40da71f e-flex e-con-boxed e-con e-parent\" data-id=\"40da71f\" data-element_type=\"container\" data-e-type=\"container\">\n\t\t\t\t\t<div class=\"e-con-inner\">\n\t\t\t\t<div class=\"elementor-element elementor-element-d7a96f8 elementor-widget elementor-widget-html\" data-id=\"d7a96f8\" data-element_type=\"widget\" data-e-type=\"widget\" data-widget_type=\"html.default\">\n\t\t\t\t\t<div class=\"flourish-embed flourish-chart\" data-src=\"visualisation\/27932514\"><script src=\"https:\/\/public.flourish.studio\/resources\/embed.js\"><\/script><noscript><img decoding=\"async\" src=\"https:\/\/public.flourish.studio\/visualisation\/27932514\/thumbnail\" width=\"100%\" alt=\"visualization\" \/><\/noscript><\/div>\t\t\t\t<\/div>\n\t\t\t\t\t<\/div>\n\t\t\t\t<\/div>\n\t\t<div class=\"elementor-element elementor-element-373ee6e e-flex e-con-boxed e-con e-parent\" data-id=\"373ee6e\" data-element_type=\"container\" data-e-type=\"container\">\n\t\t\t\t\t<div class=\"e-con-inner\">\n\t\t\t\t<div class=\"elementor-element elementor-element-a7ea738 elementor-widget elementor-widget-text-editor\" data-id=\"a7ea738\" data-element_type=\"widget\" data-e-type=\"widget\" data-widget_type=\"text-editor.default\">\n\t\t\t\t\t\t\t\t\t<h5>Polacy w top100 \u015bwiatowych zestawie\u0144 pierwszy raz pojawili si\u0119 w 1923 roku (Aleksander Szenajch). Kulminacja pojawi\u0142a si\u0119 w latach 1963-1967 (7-9 zawodnik\u00f3w w pierwszej setce na \u015bwiecie) plus 7 sprinter\u00f3w w 1974 roku. Ko\u0144c\u00f3wka lat 80. i pierwsza po\u0142owa 90. To cz\u0119sty brak Polaka w top100. W XXI wieku Polak\u00f3w cz\u0119\u015bciej brakuje w tabelach \u015bwiatowych ni\u017c si\u0119 w nich znajduj\u0105, a je\u015bli pojawi\u0105 si\u0119 w setce to pojedynczo (wyj\u0105tek: pandemiczny rok 2020).<\/h5>\t\t\t\t\t\t\t\t<\/div>\n\t\t\t\t\t<\/div>\n\t\t\t\t<\/div>\n\t\t<div class=\"elementor-element elementor-element-da91ab5 e-flex e-con-boxed e-con e-parent\" data-id=\"da91ab5\" data-element_type=\"container\" data-e-type=\"container\">\n\t\t\t\t\t<div class=\"e-con-inner\">\n\t\t\t\t<div class=\"elementor-element elementor-element-37df015 elementor-widget elementor-widget-text-editor\" data-id=\"37df015\" data-element_type=\"widget\" data-e-type=\"widget\" data-widget_type=\"text-editor.default\">\n\t\t\t\t\t\t\t\t\t<h4><em>Liczba Polak\u00f3w w top10 na \u015bwiecie i na dalszych pozycjach w poszczeg\u00f3lnych okresach<\/em><\/h4>\t\t\t\t\t\t\t\t<\/div>\n\t\t\t\t\t<\/div>\n\t\t\t\t<\/div>\n\t\t<div class=\"elementor-element elementor-element-b8ebf73 e-flex e-con-boxed e-con e-parent\" data-id=\"b8ebf73\" data-element_type=\"container\" data-e-type=\"container\">\n\t\t\t\t\t<div class=\"e-con-inner\">\n\t\t\t\t<div class=\"elementor-element elementor-element-fba2041 elementor-widget elementor-widget-html\" data-id=\"fba2041\" data-element_type=\"widget\" data-e-type=\"widget\" data-widget_type=\"html.default\">\n\t\t\t\t\t<div class=\"flourish-embed flourish-chart\" data-src=\"visualisation\/27932529\"><script src=\"https:\/\/public.flourish.studio\/resources\/embed.js\"><\/script><noscript><img decoding=\"async\" src=\"https:\/\/public.flourish.studio\/visualisation\/27932529\/thumbnail\" width=\"100%\" alt=\"visualization\" \/><\/noscript><\/div>\t\t\t\t<\/div>\n\t\t\t\t\t<\/div>\n\t\t\t\t<\/div>\n\t\t<div class=\"elementor-element elementor-element-0337543 e-flex e-con-boxed e-con e-parent\" data-id=\"0337543\" data-element_type=\"container\" data-e-type=\"container\">\n\t\t\t\t\t<div class=\"e-con-inner\">\n\t\t\t\t<div class=\"elementor-element elementor-element-b6581c3 elementor-widget elementor-widget-text-editor\" data-id=\"b6581c3\" data-element_type=\"widget\" data-e-type=\"widget\" data-widget_type=\"text-editor.default\">\n\t\t\t\t\t\t\t\t\t<h5>Bior\u0105c pod uwag\u0119 dekady to ze 193 pozycji w czo\u0142owej setce na \u015bwiecie a\u017c 141 miejsc (73%) przypada na lata 1946-1980. W XXI wieku polscy sprinterzy znale\u017ali si\u0119 w top 100 tylko 10 razy.<\/h5>\t\t\t\t\t\t\t\t<\/div>\n\t\t\t\t\t<\/div>\n\t\t\t\t<\/div>\n\t\t<div class=\"elementor-element elementor-element-614adaf e-flex e-con-boxed e-con e-parent\" data-id=\"614adaf\" data-element_type=\"container\" data-e-type=\"container\">\n\t\t\t\t\t<div class=\"e-con-inner\">\n\t\t\t\t<div class=\"elementor-element elementor-element-943e973 elementor-widget elementor-widget-text-editor\" data-id=\"943e973\" data-element_type=\"widget\" data-e-type=\"widget\" data-widget_type=\"text-editor.default\">\n\t\t\t\t\t\t\t\t\t<h4><em>Liczba punkt\u00f3w za pozycje w \u015bwiatowej setce sprinter\u00f3w wraz z najlepszym miejscem poszczeg\u00f3lnych zawodnik\u00f3w<\/em><\/h4>\t\t\t\t\t\t\t\t<\/div>\n\t\t\t\t\t<\/div>\n\t\t\t\t<\/div>\n\t\t<div class=\"elementor-element elementor-element-6152926 e-flex e-con-boxed e-con e-parent\" data-id=\"6152926\" data-element_type=\"container\" data-e-type=\"container\">\n\t\t\t\t\t<div class=\"e-con-inner\">\n\t\t\t\t<div class=\"elementor-element elementor-element-300f506 elementor-widget elementor-widget-html\" data-id=\"300f506\" data-element_type=\"widget\" data-e-type=\"widget\" data-widget_type=\"html.default\">\n\t\t\t\t\t<div class=\"flourish-embed flourish-chart\" data-src=\"visualisation\/27932591\"><script src=\"https:\/\/public.flourish.studio\/resources\/embed.js\"><\/script><noscript><img decoding=\"async\" src=\"https:\/\/public.flourish.studio\/visualisation\/27932591\/thumbnail\" width=\"100%\" alt=\"visualization\" \/><\/noscript><\/div>\t\t\t\t<\/div>\n\t\t\t\t\t<\/div>\n\t\t\t\t<\/div>\n\t\t<div class=\"elementor-element elementor-element-cd75e3a e-flex e-con-boxed e-con e-parent\" data-id=\"cd75e3a\" data-element_type=\"container\" data-e-type=\"container\">\n\t\t\t\t\t<div class=\"e-con-inner\">\n\t\t\t\t<div class=\"elementor-element elementor-element-d329d4c elementor-widget elementor-widget-text-editor\" data-id=\"d329d4c\" data-element_type=\"widget\" data-e-type=\"widget\" data-widget_type=\"text-editor.default\">\n\t\t\t\t\t\t\t\t\t<h5>Najlepsza pozycja Polaka na 100m to 2. Miejsce Andrzeja Zieli\u0144skiego (dwukrotnie), trzecie Marian\u00f3w: Foika i Woronina oraz czwarte Wies\u0142awa Maniaka. Analizuj\u0105c zdobycz punktow\u0105, to du\u017c\u0105 przewag\u0119 ma obecny rekordzista Polski (971 pkt.). Z biegaczy XXI wieku z zaledwie 118 punktami znale\u017a\u0107 w tym zestawieniu mo\u017cna Dariusz Kucia.<\/h5>\t\t\t\t\t\t\t\t<\/div>\n\t\t\t\t\t<\/div>\n\t\t\t\t<\/div>\n\t\t<div class=\"elementor-element elementor-element-bfa5557 e-flex e-con-boxed e-con e-parent\" data-id=\"bfa5557\" data-element_type=\"container\" data-e-type=\"container\">\n\t\t\t\t\t<div class=\"e-con-inner\">\n\t\t\t\t<div class=\"elementor-element elementor-element-e3644f5 elementor-widget elementor-widget-text-editor\" data-id=\"e3644f5\" data-element_type=\"widget\" data-e-type=\"widget\" data-widget_type=\"text-editor.default\">\n\t\t\t\t\t\t\t\t\t<h4><em>Zestawienie wszystkich pozycji polskich sprinter\u00f3w w top100 na \u015bwiecie w poszczeg\u00f3lnych latach <\/em><\/h4>\t\t\t\t\t\t\t\t<\/div>\n\t\t\t\t\t<\/div>\n\t\t\t\t<\/div>\n\t\t<div class=\"elementor-element elementor-element-44ad794 e-flex e-con-boxed e-con e-parent\" data-id=\"44ad794\" data-element_type=\"container\" data-e-type=\"container\">\n\t\t\t\t\t<div class=\"e-con-inner\">\n\t\t\t\t<div class=\"elementor-element elementor-element-6acb5c7 elementor-widget elementor-widget-text-editor\" data-id=\"6acb5c7\" data-element_type=\"widget\" data-e-type=\"widget\" data-widget_type=\"text-editor.default\">\n\t\t\t\t\t\t\t\t\t<h5>W poni\u017cszej tabeli jest mo\u017cliwo\u015b\u0107 sortowania wynik\u00f3w wg lat i pozycji na listach. Dodatkowo w polu wyszukiwania mo\u017cna wpisa\u0107 danego zawodnika, by sprawdzi\u0107 jak cz\u0119sto i w jakich latach znalaz\u0142 si\u0119 w top 100 na \u015bwiecie.<\/h5><h5>Polscy sprinterzy 12-krotnie zajmowali miejsca w top10 na \u015bwiecie, z czego najcz\u0119\u015bciej (3 razy) Marian Foik, dwukrotnie za\u015b Marian Dudziak, Marian Woronin i Andrzej Zieli\u0144ski. Ten ostatni by\u0142 dwukrotnie drugi w \u015bwiatowych zestawieniach (1962,1963). W latach 1962, 1963 i 1965 mieli\u015bmy po 2 Polak\u00f3w w czo\u0142owej dziesi\u0105tce na \u015bwiecie. W XXI wieku najlepsz\u0105 pozycj\u0119 (42) zaj\u0105\u0142 w 2006 Dariusz Ku\u0107.<\/h5>\t\t\t\t\t\t\t\t<\/div>\n\t\t\t\t\t<\/div>\n\t\t\t\t<\/div>\n\t\t<div class=\"elementor-element elementor-element-a4c9bdc e-flex e-con-boxed e-con e-parent\" data-id=\"a4c9bdc\" data-element_type=\"container\" data-e-type=\"container\">\n\t\t\t\t\t<div class=\"e-con-inner\">\n\t\t\t\t<div class=\"elementor-element elementor-element-5a341dd elementor-widget elementor-widget-html\" data-id=\"5a341dd\" data-element_type=\"widget\" data-e-type=\"widget\" data-widget_type=\"html.default\">\n\t\t\t\t\t<div class=\"flourish-embed flourish-chart\" data-src=\"visualisation\/27932627\"><script src=\"https:\/\/public.flourish.studio\/resources\/embed.js\"><\/script><noscript><img decoding=\"async\" src=\"https:\/\/public.flourish.studio\/visualisation\/27932627\/thumbnail\" width=\"100%\" alt=\"visualization\" \/><\/noscript><\/div>\t\t\t\t<\/div>\n\t\t\t\t\t<\/div>\n\t\t\t\t<\/div>\n\t\t<div class=\"elementor-element elementor-element-250a46c e-flex e-con-boxed e-con e-parent\" data-id=\"250a46c\" data-element_type=\"container\" data-e-type=\"container\">\n\t\t\t\t\t<div class=\"e-con-inner\">\n\t\t\t\t<div class=\"elementor-element elementor-element-a113af4 elementor-widget elementor-widget-text-editor\" data-id=\"a113af4\" data-element_type=\"widget\" data-e-type=\"widget\" data-widget_type=\"text-editor.default\">\n\t\t\t\t\t\t\t\t\t<p>Lorem ipsum dolor sit amet, consectetur adipiscing elit. Ut elit tellus, luctus nec ullamcorper mattis, pulvinar dapibus leo.<\/p>\t\t\t\t\t\t\t\t<\/div>\n\t\t\t\t\t<\/div>\n\t\t\t\t<\/div>\n\t\t\t\t<\/div>\n\t\t","protected":false},"excerpt":{"rendered":"<p>Liczba Polak\u00f3w w top100 \u015bwiatowych tabel w latach 1923-2025 Polacy w top100 \u015bwiatowych zestawie\u0144 pierwszy raz pojawili si\u0119 w 1923 roku (Aleksander Szenajch). Kulminacja pojawi\u0142a si\u0119 w latach 1963-1967 (7-9 zawodnik\u00f3w w pierwszej setce na \u015bwiecie) plus 7 sprinter\u00f3w w 1974 roku. Ko\u0144c\u00f3wka lat 80. i pierwsza po\u0142owa 90. To cz\u0119sty brak Polaka w top100. [&hellip;]<\/p>\n","protected":false},"author":1,"featured_media":0,"parent":0,"menu_order":0,"comment_status":"closed","ping_status":"closed","template":"","meta":{"footnotes":""},"class_list":["post-1621","page","type-page","status-publish","czr-hentry"],"_links":{"self":[{"href":"https:\/\/lekkoatletykawpolsce.pl\/index.php\/wp-json\/wp\/v2\/pages\/1621","targetHints":{"allow":["GET"]}}],"collection":[{"href":"https:\/\/lekkoatletykawpolsce.pl\/index.php\/wp-json\/wp\/v2\/pages"}],"about":[{"href":"https:\/\/lekkoatletykawpolsce.pl\/index.php\/wp-json\/wp\/v2\/types\/page"}],"author":[{"embeddable":true,"href":"https:\/\/lekkoatletykawpolsce.pl\/index.php\/wp-json\/wp\/v2\/users\/1"}],"replies":[{"embeddable":true,"href":"https:\/\/lekkoatletykawpolsce.pl\/index.php\/wp-json\/wp\/v2\/comments?post=1621"}],"version-history":[{"count":20,"href":"https:\/\/lekkoatletykawpolsce.pl\/index.php\/wp-json\/wp\/v2\/pages\/1621\/revisions"}],"predecessor-version":[{"id":2634,"href":"https:\/\/lekkoatletykawpolsce.pl\/index.php\/wp-json\/wp\/v2\/pages\/1621\/revisions\/2634"}],"wp:attachment":[{"href":"https:\/\/lekkoatletykawpolsce.pl\/index.php\/wp-json\/wp\/v2\/media?parent=1621"}],"curies":[{"name":"wp","href":"https:\/\/api.w.org\/{rel}","templated":true}]}}