{"id":1604,"date":"2026-03-27T17:25:22","date_gmt":"2026-03-27T17:25:22","guid":{"rendered":"https:\/\/lekkoatletykawpolsce.pl\/?page_id=1604"},"modified":"2026-04-11T07:22:19","modified_gmt":"2026-04-11T07:22:19","slug":"100m-m-zawodnicy","status":"publish","type":"page","link":"https:\/\/lekkoatletykawpolsce.pl\/index.php\/100m-m-zawodnicy\/","title":{"rendered":"100m (M) &#8211; ZAWODNICY"},"content":{"rendered":"\t\t<div data-elementor-type=\"wp-page\" data-elementor-id=\"1604\" class=\"elementor elementor-1604\">\n\t\t\t\t<div class=\"elementor-element elementor-element-b08ba1b e-flex e-con-boxed e-con e-parent\" data-id=\"b08ba1b\" data-element_type=\"container\" data-e-type=\"container\">\n\t\t\t\t\t<div class=\"e-con-inner\">\n\t\t\t\t<div class=\"elementor-element elementor-element-fdb1a45 elementor-widget elementor-widget-text-editor\" data-id=\"fdb1a45\" data-element_type=\"widget\" data-e-type=\"widget\" data-widget_type=\"text-editor.default\">\n\t\t\t\t\t\t\t\t\t<h4><em>Wykaz zawodnik\u00f3w, kt\u00f3rzy uzyskali okre\u015blony wynik lub wynik lepszy (mo\u017cliwo\u015b\u0107 filtrowania rodzaju pomiar\u00f3w i zakresu wynik\u00f3w)<\/em><\/h4>\t\t\t\t\t\t\t\t<\/div>\n\t\t\t\t\t<\/div>\n\t\t\t\t<\/div>\n\t\t<div class=\"elementor-element elementor-element-7c279cb e-con-full e-flex e-con e-parent\" data-id=\"7c279cb\" data-element_type=\"container\" data-e-type=\"container\">\n\t\t\t\t<div class=\"elementor-element elementor-element-8cf7cdd elementor-widget elementor-widget-html\" data-id=\"8cf7cdd\" data-element_type=\"widget\" data-e-type=\"widget\" data-widget_type=\"html.default\">\n\t\t\t\t\t<div class=\"flourish-embed flourish-chart\" data-src=\"visualisation\/27987047\"><script src=\"https:\/\/public.flourish.studio\/resources\/embed.js\"><\/script><noscript><img decoding=\"async\" src=\"https:\/\/public.flourish.studio\/visualisation\/27987047\/thumbnail\" width=\"100%\" alt=\"visualization\" \/><\/noscript><\/div>\t\t\t\t<\/div>\n\t\t\t\t<\/div>\n\t\t<div class=\"elementor-element elementor-element-003c64d e-flex e-con-boxed e-con e-parent\" data-id=\"003c64d\" data-element_type=\"container\" data-e-type=\"container\">\n\t\t\t\t\t<div class=\"e-con-inner\">\n\t\t\t\t<div class=\"elementor-element elementor-element-fb1be0e elementor-widget elementor-widget-text-editor\" data-id=\"fb1be0e\" data-element_type=\"widget\" data-e-type=\"widget\" data-widget_type=\"text-editor.default\">\n\t\t\t\t\t\t\t\t\t<h5>Do czasu wprowadzenia pomiaru elektronicznego najlepsze czasy uzyskiwa\u0142a czw\u00f3rka sprinter\u00f3w: Zenon Nowosz (najwi\u0119cej wynik\u00f3w poni\u017cej 10.3 i 10.4), Wies\u0142aw Maniak (jedyny poni\u017cej 10.2 i najcz\u0119\u015bciej 10.5 i szybciej), Marian Foik i Marian Dudziak.<\/h5><h5>W pomiarze do 0.01s kr\u00f3luje Marian Woronin zdecydowanie najcz\u0119\u015bciej biegaj\u0105cy co najmniej 10.40, 10.30 oraz 10.20. W tyle bardziej wyr\u00f3wnana konkurencja w postaci Dariusza Kucia, Dominika Kopcia i Przemys\u0142awa S\u0142owikowskiego.<\/h5>\t\t\t\t\t\t\t\t<\/div>\n\t\t\t\t\t<\/div>\n\t\t\t\t<\/div>\n\t\t<div class=\"elementor-element elementor-element-5c01068 e-flex e-con-boxed e-con e-parent\" data-id=\"5c01068\" data-element_type=\"container\" data-e-type=\"container\">\n\t\t\t\t\t<div class=\"e-con-inner\">\n\t\t\t\t<div class=\"elementor-element elementor-element-cd0349f elementor-widget elementor-widget-text-editor\" data-id=\"cd0349f\" data-element_type=\"widget\" data-e-type=\"widget\" data-widget_type=\"text-editor.default\">\n\t\t\t\t\t\t\t\t\t<h4><em>Wykaz lider\u00f3w i sprinter\u00f3w w czo\u0142owej tr\u00f3jce\u00a0<\/em><em>polskich tabel<\/em><\/h4>\t\t\t\t\t\t\t\t<\/div>\n\t\t\t\t\t<\/div>\n\t\t\t\t<\/div>\n\t\t<div class=\"elementor-element elementor-element-e98dbb9 e-flex e-con-boxed e-con e-parent\" data-id=\"e98dbb9\" data-element_type=\"container\" data-e-type=\"container\">\n\t\t\t\t\t<div class=\"e-con-inner\">\n\t\t\t\t<div class=\"elementor-element elementor-element-ad45617 elementor-widget elementor-widget-html\" data-id=\"ad45617\" data-element_type=\"widget\" data-e-type=\"widget\" data-widget_type=\"html.default\">\n\t\t\t\t\t<div class=\"flourish-embed flourish-chart\" data-src=\"visualisation\/27932454\"><script src=\"https:\/\/public.flourish.studio\/resources\/embed.js\"><\/script><noscript><img decoding=\"async\" src=\"https:\/\/public.flourish.studio\/visualisation\/27932454\/thumbnail\" width=\"100%\" alt=\"visualization\" \/><\/noscript><\/div>\t\t\t\t<\/div>\n\t\t\t\t\t<\/div>\n\t\t\t\t<\/div>\n\t\t<div class=\"elementor-element elementor-element-d1f1fba e-flex e-con-boxed e-con e-parent\" data-id=\"d1f1fba\" data-element_type=\"container\" data-e-type=\"container\">\n\t\t\t\t\t<div class=\"e-con-inner\">\n\t\t\t\t<div class=\"elementor-element elementor-element-e68b602 elementor-widget elementor-widget-text-editor\" data-id=\"e68b602\" data-element_type=\"widget\" data-e-type=\"widget\" data-widget_type=\"text-editor.default\">\n\t\t\t\t\t\t\t\t\t<h5>Rekordzista Polski \u2013 Marian Woronin jest jednocze\u015bnie rekordzist\u0105 liczby pierwszych miejsc w zestawieniach rocznych w Polsce (11 razy &#8211; i to z rz\u0119du!!). Za nim z sze\u015bcioma pozycjami jako liderzy czterech zawodnik\u00f3w. Zaskakuj\u0105co daleko z 3 najlepszymi wynikami w kraju znajduje si\u0119 Dominik Kope\u0107. Co ciekawe, w zestawieniu top 3 liderem jest tak\u017ce Woronin, ale a\u017c z jedenastoma pierwszymi miejscami. O 2 miejsca w czo\u0142owej tr\u00f3jce ma Kope\u0107, a o 3 miejsca Marian Foik, Marcin Krzywa\u0144ski i Zenon Nowosz.<\/h5>\t\t\t\t\t\t\t\t<\/div>\n\t\t\t\t\t<\/div>\n\t\t\t\t<\/div>\n\t\t<div class=\"elementor-element elementor-element-d12d766 e-flex e-con-boxed e-con e-parent\" data-id=\"d12d766\" data-element_type=\"container\" data-e-type=\"container\">\n\t\t\t\t\t<div class=\"e-con-inner\">\n\t\t\t\t<div class=\"elementor-element elementor-element-4a5f254 elementor-widget elementor-widget-text-editor\" data-id=\"4a5f254\" data-element_type=\"widget\" data-e-type=\"widget\" data-widget_type=\"text-editor.default\">\n\t\t\t\t\t\t\t\t\t<h4><em>Sprinterzy, kt\u00f3rzy co najmniej 6-krotnie znale\u017ali si\u0119 w czo\u0142owej dziesi\u0105tce <\/em><em>polskich tabel<\/em><\/h4>\t\t\t\t\t\t\t\t<\/div>\n\t\t<div class=\"elementor-element elementor-element-1b2ffc7 e-con-full e-flex e-con e-child\" data-id=\"1b2ffc7\" data-element_type=\"container\" data-e-type=\"container\">\n\t\t\t\t<div class=\"elementor-element elementor-element-5f97aca elementor-widget elementor-widget-text-editor\" data-id=\"5f97aca\" data-element_type=\"widget\" data-e-type=\"widget\" data-widget_type=\"text-editor.default\">\n\t\t\t\t\t\t\t\t\t<h5>Najcz\u0119\u015bciej w top10 krajowych zestawie\u0144 znale\u017ali si\u0119 Marian Woronin (z czego 11 razy jako lider) oraz Dariusz Ku\u0107 \u2013 po 15 lat z rz\u0119du. Tu\u017c za nimi Marcin Nowak (14), a w dalszej kolejno\u015bci sprinterzy z 11 i mniej pozycjami w pierwszej dziesi\u0105tce.<\/h5>\t\t\t\t\t\t\t\t<\/div>\n\t\t\t\t<\/div>\n\t\t\t\t\t<\/div>\n\t\t\t\t<\/div>\n\t\t<div class=\"elementor-element elementor-element-8175bd1 e-flex e-con-boxed e-con e-parent\" data-id=\"8175bd1\" data-element_type=\"container\" data-e-type=\"container\">\n\t\t\t\t\t<div class=\"e-con-inner\">\n\t\t\t\t<div class=\"elementor-element elementor-element-f0eff3b elementor-widget elementor-widget-html\" data-id=\"f0eff3b\" data-element_type=\"widget\" data-e-type=\"widget\" data-widget_type=\"html.default\">\n\t\t\t\t\t<div class=\"flourish-embed flourish-chart\" data-src=\"visualisation\/27932489\"><script src=\"https:\/\/public.flourish.studio\/resources\/embed.js\"><\/script><noscript><img decoding=\"async\" src=\"https:\/\/public.flourish.studio\/visualisation\/27932489\/thumbnail\" width=\"100%\" alt=\"visualization\" \/><\/noscript><\/div>\t\t\t\t<\/div>\n\t\t\t\t\t<\/div>\n\t\t\t\t<\/div>\n\t\t\t\t<\/div>\n\t\t","protected":false},"excerpt":{"rendered":"<p>Wykaz zawodnik\u00f3w, kt\u00f3rzy uzyskali okre\u015blony wynik lub wynik lepszy (mo\u017cliwo\u015b\u0107 filtrowania rodzaju pomiar\u00f3w i zakresu wynik\u00f3w) Do czasu wprowadzenia pomiaru elektronicznego najlepsze czasy uzyskiwa\u0142a czw\u00f3rka sprinter\u00f3w: Zenon Nowosz (najwi\u0119cej wynik\u00f3w poni\u017cej 10.3 i 10.4), Wies\u0142aw Maniak (jedyny poni\u017cej 10.2 i najcz\u0119\u015bciej 10.5 i szybciej), Marian Foik i Marian Dudziak. W pomiarze do 0.01s kr\u00f3luje Marian [&hellip;]<\/p>\n","protected":false},"author":1,"featured_media":0,"parent":0,"menu_order":0,"comment_status":"closed","ping_status":"closed","template":"","meta":{"footnotes":""},"class_list":["post-1604","page","type-page","status-publish","czr-hentry"],"_links":{"self":[{"href":"https:\/\/lekkoatletykawpolsce.pl\/index.php\/wp-json\/wp\/v2\/pages\/1604","targetHints":{"allow":["GET"]}}],"collection":[{"href":"https:\/\/lekkoatletykawpolsce.pl\/index.php\/wp-json\/wp\/v2\/pages"}],"about":[{"href":"https:\/\/lekkoatletykawpolsce.pl\/index.php\/wp-json\/wp\/v2\/types\/page"}],"author":[{"embeddable":true,"href":"https:\/\/lekkoatletykawpolsce.pl\/index.php\/wp-json\/wp\/v2\/users\/1"}],"replies":[{"embeddable":true,"href":"https:\/\/lekkoatletykawpolsce.pl\/index.php\/wp-json\/wp\/v2\/comments?post=1604"}],"version-history":[{"count":25,"href":"https:\/\/lekkoatletykawpolsce.pl\/index.php\/wp-json\/wp\/v2\/pages\/1604\/revisions"}],"predecessor-version":[{"id":2646,"href":"https:\/\/lekkoatletykawpolsce.pl\/index.php\/wp-json\/wp\/v2\/pages\/1604\/revisions\/2646"}],"wp:attachment":[{"href":"https:\/\/lekkoatletykawpolsce.pl\/index.php\/wp-json\/wp\/v2\/media?parent=1604"}],"curies":[{"name":"wp","href":"https:\/\/api.w.org\/{rel}","templated":true}]}}