{"id":1578,"date":"2026-03-27T17:17:44","date_gmt":"2026-03-27T17:17:44","guid":{"rendered":"https:\/\/lekkoatletykawpolsce.pl\/?page_id=1578"},"modified":"2026-04-11T07:50:24","modified_gmt":"2026-04-11T07:50:24","slug":"100m-m-rezultaty","status":"publish","type":"page","link":"https:\/\/lekkoatletykawpolsce.pl\/index.php\/100m-m-rezultaty\/","title":{"rendered":"100m (M) &#8211; rezultaty"},"content":{"rendered":"\t\t<div data-elementor-type=\"wp-page\" data-elementor-id=\"1578\" class=\"elementor elementor-1578\">\n\t\t\t\t<div class=\"elementor-element elementor-element-87fec21 e-flex e-con-boxed e-con e-parent\" data-id=\"87fec21\" data-element_type=\"container\" data-e-type=\"container\" data-settings=\"{&quot;background_background&quot;:&quot;gradient&quot;}\">\n\t\t\t\t\t<div class=\"e-con-inner\">\n\t\t\t\t<div class=\"elementor-element elementor-element-bdd2d69 elementor-widget elementor-widget-text-editor\" data-id=\"bdd2d69\" data-element_type=\"widget\" data-e-type=\"widget\" data-widget_type=\"text-editor.default\">\n\t\t\t\t\t\t\t\t\t<h4><em>Wyniki polskich zawodnik\u00f3w na pozycjach 1, 5, 10, 20 i 50 na 100m w latach 1920-2025. \u015arednie ruchome (5-letnie) z top 10 i top 30.<\/em><\/h4><h4><em>Mo\u017cliwo\u015b\u0107 filtrowania pod wzgl\u0119dem rodzaju pomiaru. W pustym polu poni\u017cej mo\u017cliwo\u015b\u0107 wyboru wybranych wykres\u00f3w spo\u015br\u00f3d siedmiu linii.<\/em><\/h4>\t\t\t\t\t\t\t\t<\/div>\n\t\t\t\t\t<\/div>\n\t\t\t\t<\/div>\n\t\t<div class=\"elementor-element elementor-element-49ec809 e-flex e-con-boxed e-con e-parent\" data-id=\"49ec809\" data-element_type=\"container\" data-e-type=\"container\">\n\t\t\t\t\t<div class=\"e-con-inner\">\n\t\t\t\t<div class=\"elementor-element elementor-element-9bf9d82 elementor-widget elementor-widget-html\" data-id=\"9bf9d82\" data-element_type=\"widget\" data-e-type=\"widget\" data-widget_type=\"html.default\">\n\t\t\t\t\t<div class=\"flourish-embed flourish-chart\" data-src=\"visualisation\/27928337\"><script src=\"https:\/\/public.flourish.studio\/resources\/embed.js\"><\/script><noscript><img decoding=\"async\" src=\"https:\/\/public.flourish.studio\/visualisation\/27928337\/thumbnail\" width=\"100%\" alt=\"visualization\" \/><\/noscript><\/div>\t\t\t\t<\/div>\n\t\t\t\t\t<\/div>\n\t\t\t\t<\/div>\n\t\t<div class=\"elementor-element elementor-element-729c570 e-flex e-con-boxed e-con e-parent\" data-id=\"729c570\" data-element_type=\"container\" data-e-type=\"container\">\n\t\t\t\t\t<div class=\"e-con-inner\">\n\t\t\t\t<div class=\"elementor-element elementor-element-17d0ddd elementor-widget elementor-widget-text-editor\" data-id=\"17d0ddd\" data-element_type=\"widget\" data-e-type=\"widget\" data-widget_type=\"text-editor.default\">\n\t\t\t\t\t\t\t\t\t<h5>W latach 1920-1976 obowi\u0105zywa\u0142 w Polsce pomiar z dok\u0142adno\u015bci\u0105 do 0.1s. Pocz\u0105wszy od roku 1977 wyniki przedstawiano wy\u0142\u0105cznie na podstawie pomiaru elektronicznego (dok\u0142adno\u015b\u0107 0.01s).<\/h5><h5>\u015arednie ruchome:<\/h5><h5>&#8211; w latach 1920-1939 XX wieku nast\u0119powa\u0142 stopniowy, z pocz\u0105tku dynamiczny wzrost poziomu 100m, kt\u00f3ry uleg\u0142 spowolnieniu w pierwszej po\u0142owie lat 30.<\/h5><h5>&#8211; w latach powojennych dopiero ok. 1950 roku uzyskano przedwojenny poziom tej konkurencji<\/h5><h5>&#8211; lata 50-70. to okres sukcesywnego wzrostu poziomu sprintu dla wszelkich wska\u017anik\u00f3w<\/h5><h5>&#8211; pod koniec lat 60. wspomniany wzrost jest wyra\u017anie s\u0142abszy<\/h5><h5>&#8211; druga po\u0142owa lat 70. i lata 80. charakteryzuj\u0105 si\u0119 stabilizacj\u0105<\/h5><h5>&#8211; wi\u0119kszo\u015b\u0107 lat 90. to regres tej konkurencji (10.52 to wynik najlepszego Polaka w 1995 roku!)<\/h5><h5>&#8211; w latach 1997-2002 nast\u0119puje znacz\u0105ca poprawa, jednak\u017ce do roku 2010 spada \u015bredni ruchoma wy\u0142\u0105cznie dla pierwszej trzydziestki (dla tzw. g\u0142\u0119bszych wynik\u00f3w)<\/h5><h5>&#8211; po niewielkim regresie po\u0142owy drugiej dekady XXI w. mam do czynienia z sukcesywn\u0105 popraw\u0105 poziomu zar\u00f3wno pierwszych dziesi\u0119ciu jak i trzydziestu zawodnik\u00f3w. Oba wska\u017aniki s\u0105 najlepsze w historii dla pomiaru elektronicznego.<\/h5><h5>\u00a0<\/h5><h5>Wzrost poziomu sprintu w ostatnich latach potwierdzaj\u0105 najlepsze wyniki 10, 20 i 50 zawodnika.<\/h5>\t\t\t\t\t\t\t\t<\/div>\n\t\t\t\t\t<\/div>\n\t\t\t\t<\/div>\n\t\t<div class=\"elementor-element elementor-element-1e72c73 e-flex e-con-boxed e-con e-parent\" data-id=\"1e72c73\" data-element_type=\"container\" data-e-type=\"container\">\n\t\t\t\t\t<div class=\"e-con-inner\">\n\t\t\t\t<div class=\"elementor-element elementor-element-0fe5f87 elementor-widget elementor-widget-text-editor\" data-id=\"0fe5f87\" data-element_type=\"widget\" data-e-type=\"widget\" data-widget_type=\"text-editor.default\">\n\t\t\t\t\t\t\t\t\t<h4><em>Liczba zawodnik\u00f3w, kt\u00f3rzy w danym roku uzyskali okre\u015blony wynik lub wynik lepszy (pomiar z dok\u0142adno\u015bci\u0105 do 0.1s\u00a0 do roku 1976)<\/em><\/h4>\t\t\t\t\t\t\t\t<\/div>\n\t\t\t\t\t<\/div>\n\t\t\t\t<\/div>\n\t\t<div class=\"elementor-element elementor-element-a28a6ab e-flex e-con-boxed e-con e-parent\" data-id=\"a28a6ab\" data-element_type=\"container\" data-e-type=\"container\">\n\t\t\t\t\t<div class=\"e-con-inner\">\n\t\t\t\t<div class=\"elementor-element elementor-element-9fdf2ee elementor-widget elementor-widget-html\" data-id=\"9fdf2ee\" data-element_type=\"widget\" data-e-type=\"widget\" data-widget_type=\"html.default\">\n\t\t\t\t\t<div class=\"flourish-embed flourish-chart\" data-src=\"visualisation\/27931910\"><script src=\"https:\/\/public.flourish.studio\/resources\/embed.js\"><\/script><noscript><img decoding=\"async\" src=\"https:\/\/public.flourish.studio\/visualisation\/27931910\/thumbnail\" width=\"100%\" alt=\"visualization\" \/><\/noscript><\/div>\t\t\t\t<\/div>\n\t\t\t\t\t<\/div>\n\t\t\t\t<\/div>\n\t\t<div class=\"elementor-element elementor-element-739324d e-flex e-con-boxed e-con e-parent\" data-id=\"739324d\" data-element_type=\"container\" data-e-type=\"container\">\n\t\t\t\t\t<div class=\"e-con-inner\">\n\t\t\t\t<div class=\"elementor-element elementor-element-5e48023 elementor-widget elementor-widget-text-editor\" data-id=\"5e48023\" data-element_type=\"widget\" data-e-type=\"widget\" data-widget_type=\"text-editor.default\">\n\t\t\t\t\t\t\t\t\t<h5>&#8211; dla wynik\u00f3w 10.3 i lepszych oraz 10.5s i lepszych kulminacja osi\u0105gni\u0119ta w latach 1973-1975. Lata 1976 i 1977 to zaledwie kilka wynik\u00f3w na tym poziomie, ale zwi\u0105zane jest to z przej\u015bciem na dok\u0142adniejszy pomiar elektroniczny (st\u0105d rzadsze wyniki w pomiarze r\u0119cznym)<\/h5>\t\t\t\t\t\t\t\t<\/div>\n\t\t\t\t\t<\/div>\n\t\t\t\t<\/div>\n\t\t<div class=\"elementor-element elementor-element-5af0c11 e-flex e-con-boxed e-con e-parent\" data-id=\"5af0c11\" data-element_type=\"container\" data-e-type=\"container\">\n\t\t\t\t\t<div class=\"e-con-inner\">\n\t\t\t\t<div class=\"elementor-element elementor-element-8780fc0 elementor-widget elementor-widget-text-editor\" data-id=\"8780fc0\" data-element_type=\"widget\" data-e-type=\"widget\" data-widget_type=\"text-editor.default\">\n\t\t\t\t\t\t\t\t\t<h4><em>Liczba zawodnik\u00f3w, kt\u00f3rzy w danym roku uzyskali okre\u015blony wynik lub wynik lepszy (pomiar z dok\u0142adno\u015bci\u0105 do 0.01 s od roku 1978)<\/em><\/h4>\t\t\t\t\t\t\t\t<\/div>\n\t\t\t\t\t<\/div>\n\t\t\t\t<\/div>\n\t\t<div class=\"elementor-element elementor-element-c149411 e-flex e-con-boxed e-con e-parent\" data-id=\"c149411\" data-element_type=\"container\" data-e-type=\"container\">\n\t\t\t\t\t<div class=\"e-con-inner\">\n\t\t\t\t<div class=\"elementor-element elementor-element-dbc64ba elementor-widget elementor-widget-html\" data-id=\"dbc64ba\" data-element_type=\"widget\" data-e-type=\"widget\" data-widget_type=\"html.default\">\n\t\t\t\t\t<div class=\"flourish-embed flourish-chart\" data-src=\"visualisation\/27931836\"><script src=\"https:\/\/public.flourish.studio\/resources\/embed.js\"><\/script><noscript><img decoding=\"async\" src=\"https:\/\/public.flourish.studio\/visualisation\/27931836\/thumbnail\" width=\"100%\" alt=\"visualization\" \/><\/noscript><\/div>\t\t\t\t<\/div>\n\t\t\t\t\t<\/div>\n\t\t\t\t<\/div>\n\t\t<div class=\"elementor-element elementor-element-bef7068 e-flex e-con-boxed e-con e-parent\" data-id=\"bef7068\" data-element_type=\"container\" data-e-type=\"container\">\n\t\t\t\t\t<div class=\"e-con-inner\">\n\t\t\t\t<div class=\"elementor-element elementor-element-7168394 elementor-widget elementor-widget-text-editor\" data-id=\"7168394\" data-element_type=\"widget\" data-e-type=\"widget\" data-widget_type=\"text-editor.default\">\n\t\t\t\t\t\t\t\t\t<h5>&#8211; w roku 2025 pierwszy raz 2 zawodnik\u00f3w pobieg\u0142o poni\u017cej 10.20<\/h5><h5>&#8211; dla wynik\u00f3w 10.3 i lepszych, kumulacja w latach 2015-2025 z kilkoma wyj\u0105tkami<\/h5><h5>&#8211; du\u017ca luka w pierwszej po\u0142owie lat 90.<\/h5><h5>&#8211; obecnie, w ostatnich 2 latach, obserwujemy maksymalne liczebno\u015bci dla wynik\u00f3w 10.50 i lepszych<\/h5>\t\t\t\t\t\t\t\t<\/div>\n\t\t\t\t\t<\/div>\n\t\t\t\t<\/div>\n\t\t<div class=\"elementor-element elementor-element-ebbaeb8 e-flex e-con-boxed e-con e-parent\" data-id=\"ebbaeb8\" data-element_type=\"container\" data-e-type=\"container\">\n\t\t\t\t\t<div class=\"e-con-inner\">\n\t\t\t\t<div class=\"elementor-element elementor-element-0ff350f elementor-widget elementor-widget-text-editor\" data-id=\"0ff350f\" data-element_type=\"widget\" data-e-type=\"widget\" data-widget_type=\"text-editor.default\">\n\t\t\t\t\t\t\t\t\t<h4><em>Liczba zawodnik\u00f3w, kt\u00f3rzy w danym roku uzyskali wynik poni\u017cej 11 sekund (pomiar z dok\u0142adno\u015bci\u0105 do 0.01 s od roku 1978)<\/em><\/h4>\t\t\t\t\t\t\t\t<\/div>\n\t\t\t\t\t<\/div>\n\t\t\t\t<\/div>\n\t\t<div class=\"elementor-element elementor-element-7cfa1e9 e-flex e-con-boxed e-con e-parent\" data-id=\"7cfa1e9\" data-element_type=\"container\" data-e-type=\"container\">\n\t\t\t\t\t<div class=\"e-con-inner\">\n\t\t\t\t<div class=\"elementor-element elementor-element-07a6525 elementor-widget elementor-widget-html\" data-id=\"07a6525\" data-element_type=\"widget\" data-e-type=\"widget\" data-widget_type=\"html.default\">\n\t\t\t\t\t<div class=\"flourish-embed flourish-chart\" data-src=\"visualisation\/27932035\"><script src=\"https:\/\/public.flourish.studio\/resources\/embed.js\"><\/script><noscript><img decoding=\"async\" src=\"https:\/\/public.flourish.studio\/visualisation\/27932035\/thumbnail\" width=\"100%\" alt=\"visualization\" \/><\/noscript><\/div>\t\t\t\t<\/div>\n\t\t\t\t\t<\/div>\n\t\t\t\t<\/div>\n\t\t<div class=\"elementor-element elementor-element-a8e93a3 e-flex e-con-boxed e-con e-parent\" data-id=\"a8e93a3\" data-element_type=\"container\" data-e-type=\"container\">\n\t\t\t\t\t<div class=\"e-con-inner\">\n\t\t\t\t<div class=\"elementor-element elementor-element-2531e56 elementor-widget elementor-widget-text-editor\" data-id=\"2531e56\" data-element_type=\"widget\" data-e-type=\"widget\" data-widget_type=\"text-editor.default\">\n\t\t\t\t\t\t\t\t\t<h5>Pierwsza kulminacja nast\u0105pi\u0142a w latach 2008-2009 i 2012 gdzie zanotowano ponad 100 sprinter\u00f3w \u0142ami\u0105cych granic\u0119 11.00.&nbsp;<\/h5>\n<h5>Od pi\u0119ciu ostatnich lat mamy trend wznosz\u0105cy z maksimum w roku 2025 (130 zawodnik\u00f3w)<\/h5>\t\t\t\t\t\t\t\t<\/div>\n\t\t\t\t\t<\/div>\n\t\t\t\t<\/div>\n\t\t<div class=\"elementor-element elementor-element-06b1ad2 e-flex e-con-boxed e-con e-parent\" data-id=\"06b1ad2\" data-element_type=\"container\" data-e-type=\"container\">\n\t\t\t\t\t<div class=\"e-con-inner\">\n\t\t\t\t<div class=\"elementor-element elementor-element-9ec1c03 elementor-widget elementor-widget-text-editor\" data-id=\"9ec1c03\" data-element_type=\"widget\" data-e-type=\"widget\" data-widget_type=\"text-editor.default\">\n\t\t\t\t\t\t\t\t\t<h4><em>Wiek zawodnik\u00f3w, kt\u00f3rzy osi\u0105gn\u0119li wynik 10.40 i lepszy (po klikni\u0119ciu na s\u0142upek wy\u015bwietlaj\u0105 si\u0119 nazwiska)<\/em><\/h4>\t\t\t\t\t\t\t\t<\/div>\n\t\t\t\t\t<\/div>\n\t\t\t\t<\/div>\n\t\t<div class=\"elementor-element elementor-element-410153e e-flex e-con-boxed e-con e-parent\" data-id=\"410153e\" data-element_type=\"container\" data-e-type=\"container\">\n\t\t\t\t\t<div class=\"e-con-inner\">\n\t\t\t\t<div class=\"elementor-element elementor-element-01587a2 elementor-widget elementor-widget-html\" data-id=\"01587a2\" data-element_type=\"widget\" data-e-type=\"widget\" data-widget_type=\"html.default\">\n\t\t\t\t\t<div class=\"flourish-embed flourish-chart\" data-src=\"visualisation\/27932174\"><script src=\"https:\/\/public.flourish.studio\/resources\/embed.js\"><\/script><noscript><img decoding=\"async\" src=\"https:\/\/public.flourish.studio\/visualisation\/27932174\/thumbnail\" width=\"100%\" alt=\"visualization\" \/><\/noscript><\/div>\t\t\t\t<\/div>\n\t\t\t\t\t<\/div>\n\t\t\t\t<\/div>\n\t\t<div class=\"elementor-element elementor-element-55a8340 e-flex e-con-boxed e-con e-parent\" data-id=\"55a8340\" data-element_type=\"container\" data-e-type=\"container\">\n\t\t\t\t\t<div class=\"e-con-inner\">\n\t\t\t\t<div class=\"elementor-element elementor-element-e7a3d64 elementor-widget elementor-widget-text-editor\" data-id=\"e7a3d64\" data-element_type=\"widget\" data-e-type=\"widget\" data-widget_type=\"text-editor.default\">\n\t\t\t\t\t\t\t\t\t<h4><em>Wiek uzyskania rekordu \u017cyciowego dla zawodnik\u00f3w z wynikiem 10.40 i lepszym (po\u00a0 klikni\u0119ciu na s\u0142upek wy\u015bwietlaj\u0105 si\u0119 nazwiska)<\/em><\/h4>\t\t\t\t\t\t\t\t<\/div>\n\t\t\t\t\t<\/div>\n\t\t\t\t<\/div>\n\t\t<div class=\"elementor-element elementor-element-16c2c85 e-flex e-con-boxed e-con e-parent\" data-id=\"16c2c85\" data-element_type=\"container\" data-e-type=\"container\">\n\t\t\t\t\t<div class=\"e-con-inner\">\n\t\t\t\t<div class=\"elementor-element elementor-element-0c28c7b elementor-widget elementor-widget-html\" data-id=\"0c28c7b\" data-element_type=\"widget\" data-e-type=\"widget\" data-widget_type=\"html.default\">\n\t\t\t\t\t<div class=\"flourish-embed flourish-chart\" data-src=\"visualisation\/27932261\"><script src=\"https:\/\/public.flourish.studio\/resources\/embed.js\"><\/script><noscript><img decoding=\"async\" src=\"https:\/\/public.flourish.studio\/visualisation\/27932261\/thumbnail\" width=\"100%\" alt=\"visualization\" \/><\/noscript><\/div>\t\t\t\t<\/div>\n\t\t\t\t\t<\/div>\n\t\t\t\t<\/div>\n\t\t<div class=\"elementor-element elementor-element-a808641 e-flex e-con-boxed e-con e-parent\" data-id=\"a808641\" data-element_type=\"container\" data-e-type=\"container\">\n\t\t\t\t\t<div class=\"e-con-inner\">\n\t\t\t\t\t<\/div>\n\t\t\t\t<\/div>\n\t\t\t\t<\/div>\n\t\t","protected":false},"excerpt":{"rendered":"<p>Wyniki polskich zawodnik\u00f3w na pozycjach 1, 5, 10, 20 i 50 na 100m w latach 1920-2025. \u015arednie ruchome (5-letnie) z top 10 i top 30. Mo\u017cliwo\u015b\u0107 filtrowania pod wzgl\u0119dem rodzaju pomiaru. W pustym polu poni\u017cej mo\u017cliwo\u015b\u0107 wyboru wybranych wykres\u00f3w spo\u015br\u00f3d siedmiu linii. W latach 1920-1976 obowi\u0105zywa\u0142 w Polsce pomiar z dok\u0142adno\u015bci\u0105 do 0.1s. Pocz\u0105wszy od [&hellip;]<\/p>\n","protected":false},"author":1,"featured_media":0,"parent":0,"menu_order":0,"comment_status":"closed","ping_status":"closed","template":"","meta":{"footnotes":""},"class_list":["post-1578","page","type-page","status-publish","czr-hentry"],"_links":{"self":[{"href":"https:\/\/lekkoatletykawpolsce.pl\/index.php\/wp-json\/wp\/v2\/pages\/1578","targetHints":{"allow":["GET"]}}],"collection":[{"href":"https:\/\/lekkoatletykawpolsce.pl\/index.php\/wp-json\/wp\/v2\/pages"}],"about":[{"href":"https:\/\/lekkoatletykawpolsce.pl\/index.php\/wp-json\/wp\/v2\/types\/page"}],"author":[{"embeddable":true,"href":"https:\/\/lekkoatletykawpolsce.pl\/index.php\/wp-json\/wp\/v2\/users\/1"}],"replies":[{"embeddable":true,"href":"https:\/\/lekkoatletykawpolsce.pl\/index.php\/wp-json\/wp\/v2\/comments?post=1578"}],"version-history":[{"count":89,"href":"https:\/\/lekkoatletykawpolsce.pl\/index.php\/wp-json\/wp\/v2\/pages\/1578\/revisions"}],"predecessor-version":[{"id":2653,"href":"https:\/\/lekkoatletykawpolsce.pl\/index.php\/wp-json\/wp\/v2\/pages\/1578\/revisions\/2653"}],"wp:attachment":[{"href":"https:\/\/lekkoatletykawpolsce.pl\/index.php\/wp-json\/wp\/v2\/media?parent=1578"}],"curies":[{"name":"wp","href":"https:\/\/api.w.org\/{rel}","templated":true}]}}