{"id":1538,"date":"2026-03-22T08:56:44","date_gmt":"2026-03-22T08:56:44","guid":{"rendered":"https:\/\/lekkoatletykawpolsce.pl\/?page_id=1538"},"modified":"2026-04-10T14:05:37","modified_gmt":"2026-04-10T14:05:37","slug":"konkurencje-m-analizy","status":"publish","type":"page","link":"https:\/\/lekkoatletykawpolsce.pl\/index.php\/konkurencje-m-analizy\/","title":{"rendered":"Konkurencje (M) &#8211; analizy"},"content":{"rendered":"\t\t<div data-elementor-type=\"wp-page\" data-elementor-id=\"1538\" class=\"elementor elementor-1538\">\n\t\t\t\t<div class=\"elementor-element elementor-element-3d0cc31 e-flex e-con-boxed e-con e-parent\" data-id=\"3d0cc31\" data-element_type=\"container\" data-e-type=\"container\">\n\t\t\t\t\t<div class=\"e-con-inner\">\n\t\t\t\t<div class=\"elementor-element elementor-element-60fbba1 elementor-widget elementor-widget-text-editor\" data-id=\"60fbba1\" data-element_type=\"widget\" data-e-type=\"widget\" data-widget_type=\"text-editor.default\">\n\t\t\t\t\t\t\t\t\t<h4><strong>Klikaj\u0105c w zielony przycisk z nazw\u0105 konkurencji w dolnej cz\u0119\u015bci strony, przejdziesz do zestawu analiz.<\/strong><\/h4><h4><strong>Znajdziesz w nich 5 modu\u0142\u00f3w ilustruj\u0105cych r\u00f3\u017cne aspekty historii konkretnej konkurencji.<\/strong><\/h4>\t\t\t\t\t\t\t\t<\/div>\n\t\t\t\t\t<\/div>\n\t\t\t\t<\/div>\n\t\t<div class=\"elementor-element elementor-element-d0defbf e-flex e-con-boxed e-con e-parent\" data-id=\"d0defbf\" data-element_type=\"container\" data-e-type=\"container\">\n\t\t\t\t\t<div class=\"e-con-inner\">\n\t\t\t\t<div class=\"elementor-element elementor-element-3ee7b96 elementor-widget elementor-widget-image\" data-id=\"3ee7b96\" data-element_type=\"widget\" data-e-type=\"widget\" data-widget_type=\"image.default\">\n\t\t\t\t\t\t\t\t\t\t\t\t\t\t\t<img fetchpriority=\"high\" decoding=\"async\" width=\"945\" height=\"604\" src=\"https:\/\/lekkoatletykawpolsce.pl\/wp-content\/uploads\/2026\/04\/MODUL1_2.png\" class=\"attachment-large size-large wp-image-2538\" alt=\"\" srcset=\"https:\/\/lekkoatletykawpolsce.pl\/wp-content\/uploads\/2026\/04\/MODUL1_2.png 945w, https:\/\/lekkoatletykawpolsce.pl\/wp-content\/uploads\/2026\/04\/MODUL1_2-300x192.png 300w, https:\/\/lekkoatletykawpolsce.pl\/wp-content\/uploads\/2026\/04\/MODUL1_2-768x491.png 768w\" sizes=\"(max-width: 945px) 100vw, 945px\" \/>\t\t\t\t\t\t\t\t\t\t\t\t\t\t\t<\/div>\n\t\t\t\t\t<\/div>\n\t\t\t\t<\/div>\n\t\t<div class=\"elementor-element elementor-element-5ac963b e-flex e-con-boxed e-con e-parent\" data-id=\"5ac963b\" data-element_type=\"container\" data-e-type=\"container\">\n\t\t\t\t\t<div class=\"e-con-inner\">\n\t\t\t\t<div class=\"elementor-element elementor-element-7dc6c63 elementor-widget elementor-widget-image\" data-id=\"7dc6c63\" data-element_type=\"widget\" data-e-type=\"widget\" data-widget_type=\"image.default\">\n\t\t\t\t\t\t\t\t\t\t\t\t\t\t\t<img decoding=\"async\" width=\"979\" height=\"836\" src=\"https:\/\/lekkoatletykawpolsce.pl\/wp-content\/uploads\/2026\/04\/MODUL3_5.png\" class=\"attachment-large size-large wp-image-2539\" alt=\"\" srcset=\"https:\/\/lekkoatletykawpolsce.pl\/wp-content\/uploads\/2026\/04\/MODUL3_5.png 979w, https:\/\/lekkoatletykawpolsce.pl\/wp-content\/uploads\/2026\/04\/MODUL3_5-300x256.png 300w, https:\/\/lekkoatletykawpolsce.pl\/wp-content\/uploads\/2026\/04\/MODUL3_5-768x656.png 768w\" sizes=\"(max-width: 979px) 100vw, 979px\" \/>\t\t\t\t\t\t\t\t\t\t\t\t\t\t\t<\/div>\n\t\t\t\t\t<\/div>\n\t\t\t\t<\/div>\n\t\t<div class=\"elementor-element elementor-element-9efa26d e-flex e-con-boxed e-con e-parent\" data-id=\"9efa26d\" data-element_type=\"container\" data-e-type=\"container\">\n\t\t\t\t\t<div class=\"e-con-inner\">\n\t\t\t\t<div class=\"elementor-element elementor-element-b78cf86 elementor-widget elementor-widget-text-editor\" data-id=\"b78cf86\" data-element_type=\"widget\" data-e-type=\"widget\" data-widget_type=\"text-editor.default\">\n\t\t\t\t\t\t\t\t\t<h4><strong>Aby przej\u015b\u0107 do interaktywnych analiz kliknij w zielony przycisk z nazw\u0105 konkurencji<\/strong><\/h4>\t\t\t\t\t\t\t\t<\/div>\n\t\t\t\t\t<\/div>\n\t\t\t\t<\/div>\n\t\t<div class=\"elementor-element elementor-element-232ca65 e-flex e-con-boxed e-con e-parent\" data-id=\"232ca65\" data-element_type=\"container\" data-e-type=\"container\">\n\t\t\t\t\t<div class=\"e-con-inner\">\n\t\t<div class=\"elementor-element elementor-element-ce1d49c e-con-full e-flex e-con e-child\" data-id=\"ce1d49c\" data-element_type=\"container\" data-e-type=\"container\" data-settings=\"{&quot;background_background&quot;:&quot;gradient&quot;}\">\n\t\t<div class=\"elementor-element elementor-element-ffd4849 e-con-full e-flex e-con e-child\" data-id=\"ffd4849\" data-element_type=\"container\" data-e-type=\"container\" data-settings=\"{&quot;background_background&quot;:&quot;classic&quot;}\">\n\t\t\t\t<div class=\"elementor-element elementor-element-ba9ba8e elementor-widget elementor-widget-button\" data-id=\"ba9ba8e\" data-element_type=\"widget\" data-e-type=\"widget\" data-widget_type=\"button.default\">\n\t\t\t\t\t\t\t\t\t\t<a class=\"elementor-button elementor-button-link elementor-size-sm\" href=\"https:\/\/lekkoatletykawpolsce.pl\/index.php\/110p-m\/\">\n\t\t\t\t\t\t<span class=\"elementor-button-content-wrapper\">\n\t\t\t\t\t\t\t\t\t<span class=\"elementor-button-text\">110p<\/span>\n\t\t\t\t\t<\/span>\n\t\t\t\t\t<\/a>\n\t\t\t\t\t\t\t\t<\/div>\n\t\t\t\t<div class=\"elementor-element elementor-element-a5714d5 elementor-widget elementor-widget-button\" data-id=\"a5714d5\" data-element_type=\"widget\" data-e-type=\"widget\" data-widget_type=\"button.default\">\n\t\t\t\t\t\t\t\t\t\t<a class=\"elementor-button elementor-button-link elementor-size-sm\" href=\"https:\/\/lekkoatletykawpolsce.pl\/index.php\/400p-m\/\">\n\t\t\t\t\t\t<span class=\"elementor-button-content-wrapper\">\n\t\t\t\t\t\t\t\t\t<span class=\"elementor-button-text\">400p<\/span>\n\t\t\t\t\t<\/span>\n\t\t\t\t\t<\/a>\n\t\t\t\t\t\t\t\t<\/div>\n\t\t\t\t<\/div>\n\t\t<div class=\"elementor-element elementor-element-c9b1f1b e-con-full e-flex e-con e-child\" data-id=\"c9b1f1b\" data-element_type=\"container\" data-e-type=\"container\" data-settings=\"{&quot;background_background&quot;:&quot;classic&quot;}\">\n\t\t\t\t<div class=\"elementor-element elementor-element-f0ee338 elementor-widget elementor-widget-button\" data-id=\"f0ee338\" data-element_type=\"widget\" data-e-type=\"widget\" data-widget_type=\"button.default\">\n\t\t\t\t\t\t\t\t\t\t<a class=\"elementor-button elementor-button-link elementor-size-sm\" href=\"https:\/\/lekkoatletykawpolsce.pl\/index.php\/200m-m\/\">\n\t\t\t\t\t\t<span class=\"elementor-button-content-wrapper\">\n\t\t\t\t\t\t\t\t\t<span class=\"elementor-button-text\">200m<\/span>\n\t\t\t\t\t<\/span>\n\t\t\t\t\t<\/a>\n\t\t\t\t\t\t\t\t<\/div>\n\t\t\t\t<div class=\"elementor-element elementor-element-f95b5ca elementor-widget elementor-widget-button\" data-id=\"f95b5ca\" data-element_type=\"widget\" data-e-type=\"widget\" data-widget_type=\"button.default\">\n\t\t\t\t\t\t\t\t\t\t<a class=\"elementor-button elementor-button-link elementor-size-sm\" href=\"https:\/\/lekkoatletykawpolsce.pl\/index.php\/100m-m\/\">\n\t\t\t\t\t\t<span class=\"elementor-button-content-wrapper\">\n\t\t\t\t\t\t\t\t\t<span class=\"elementor-button-text\">100m<\/span>\n\t\t\t\t\t<\/span>\n\t\t\t\t\t<\/a>\n\t\t\t\t\t\t\t\t<\/div>\n\t\t\t\t<div class=\"elementor-element elementor-element-ed0ba5d elementor-widget elementor-widget-button\" data-id=\"ed0ba5d\" data-element_type=\"widget\" data-e-type=\"widget\" data-widget_type=\"button.default\">\n\t\t\t\t\t\t\t\t\t\t<a class=\"elementor-button elementor-button-link elementor-size-sm\" href=\"https:\/\/lekkoatletykawpolsce.pl\/index.php\/400m-m\/\">\n\t\t\t\t\t\t<span class=\"elementor-button-content-wrapper\">\n\t\t\t\t\t\t\t\t\t<span class=\"elementor-button-text\">400m<\/span>\n\t\t\t\t\t<\/span>\n\t\t\t\t\t<\/a>\n\t\t\t\t\t\t\t\t<\/div>\n\t\t\t\t<\/div>\n\t\t<div class=\"elementor-element elementor-element-08d9fa2 e-con-full e-flex e-con e-child\" data-id=\"08d9fa2\" data-element_type=\"container\" data-e-type=\"container\" data-settings=\"{&quot;background_background&quot;:&quot;classic&quot;}\">\n\t\t\t\t<div class=\"elementor-element elementor-element-19c8f60 elementor-widget__width-initial elementor-widget elementor-widget-image\" data-id=\"19c8f60\" data-element_type=\"widget\" data-e-type=\"widget\" data-widget_type=\"image.default\">\n\t\t\t\t\t\t\t\t\t\t\t\t\t\t\t<img decoding=\"async\" width=\"779\" height=\"264\" src=\"https:\/\/lekkoatletykawpolsce.pl\/wp-content\/uploads\/2026\/01\/Sprint_plotki_Baner.jpg\" class=\"attachment-1536x1536 size-1536x1536 wp-image-313\" alt=\"\" srcset=\"https:\/\/lekkoatletykawpolsce.pl\/wp-content\/uploads\/2026\/01\/Sprint_plotki_Baner.jpg 779w, https:\/\/lekkoatletykawpolsce.pl\/wp-content\/uploads\/2026\/01\/Sprint_plotki_Baner-300x102.jpg 300w, https:\/\/lekkoatletykawpolsce.pl\/wp-content\/uploads\/2026\/01\/Sprint_plotki_Baner-768x260.jpg 768w\" sizes=\"(max-width: 779px) 100vw, 779px\" \/>\t\t\t\t\t\t\t\t\t\t\t\t\t\t\t<\/div>\n\t\t\t\t<\/div>\n\t\t\t\t<\/div>\n\t\t\t\t\t<\/div>\n\t\t\t\t<\/div>\n\t\t<div class=\"elementor-element elementor-element-2d15842 e-flex e-con-boxed e-con e-parent\" data-id=\"2d15842\" data-element_type=\"container\" data-e-type=\"container\">\n\t\t\t\t\t<div class=\"e-con-inner\">\n\t\t<div class=\"elementor-element elementor-element-bd74a51 e-con-full e-flex e-con e-child\" data-id=\"bd74a51\" data-element_type=\"container\" data-e-type=\"container\" data-settings=\"{&quot;background_background&quot;:&quot;gradient&quot;}\">\n\t\t<div class=\"elementor-element elementor-element-ff92cf3 e-con-full e-flex e-con e-child\" data-id=\"ff92cf3\" data-element_type=\"container\" data-e-type=\"container\" data-settings=\"{&quot;background_background&quot;:&quot;classic&quot;}\">\n\t\t\t\t<div class=\"elementor-element elementor-element-8d514d9 elementor-align-center elementor-widget__width-initial elementor-widget elementor-widget-button\" data-id=\"8d514d9\" data-element_type=\"widget\" data-e-type=\"widget\" data-widget_type=\"button.default\">\n\t\t\t\t\t\t\t\t\t\t<a class=\"elementor-button elementor-button-link elementor-size-sm\" href=\"https:\/\/lekkoatletykawpolsce.pl\/index.php\/5000m-m\/\">\n\t\t\t\t\t\t<span class=\"elementor-button-content-wrapper\">\n\t\t\t\t\t\t\t\t\t<span class=\"elementor-button-text\">5000m<\/span>\n\t\t\t\t\t<\/span>\n\t\t\t\t\t<\/a>\n\t\t\t\t\t\t\t\t<\/div>\n\t\t\t\t<div class=\"elementor-element elementor-element-33f4228 elementor-align-left elementor-widget__width-initial elementor-mobile-align-center elementor-widget elementor-widget-button\" data-id=\"33f4228\" data-element_type=\"widget\" data-e-type=\"widget\" data-widget_type=\"button.default\">\n\t\t\t\t\t\t\t\t\t\t<a class=\"elementor-button elementor-button-link elementor-size-sm\" href=\"https:\/\/lekkoatletykawpolsce.pl\/index.php\/10000m-m\/\">\n\t\t\t\t\t\t<span class=\"elementor-button-content-wrapper\">\n\t\t\t\t\t\t\t\t\t<span class=\"elementor-button-text\">10000m<\/span>\n\t\t\t\t\t<\/span>\n\t\t\t\t\t<\/a>\n\t\t\t\t\t\t\t\t<\/div>\n\t\t\t\t<div class=\"elementor-element elementor-element-1476bb5 elementor-align-center elementor-widget elementor-widget-button\" data-id=\"1476bb5\" data-element_type=\"widget\" data-e-type=\"widget\" data-widget_type=\"button.default\">\n\t\t\t\t\t\t\t\t\t\t<a class=\"elementor-button elementor-button-link elementor-size-sm\" href=\"https:\/\/lekkoatletykawpolsce.pl\/index.php\/3000p-m\/\">\n\t\t\t\t\t\t<span class=\"elementor-button-content-wrapper\">\n\t\t\t\t\t\t\t\t\t<span class=\"elementor-button-text\">3000p<\/span>\n\t\t\t\t\t<\/span>\n\t\t\t\t\t<\/a>\n\t\t\t\t\t\t\t\t<\/div>\n\t\t\t\t<\/div>\n\t\t<div class=\"elementor-element elementor-element-d6868be e-con-full e-flex e-con e-child\" data-id=\"d6868be\" data-element_type=\"container\" data-e-type=\"container\" data-settings=\"{&quot;background_background&quot;:&quot;classic&quot;}\">\n\t\t\t\t<div class=\"elementor-element elementor-element-b6a774e elementor-align-center elementor-widget elementor-widget-button\" data-id=\"b6a774e\" data-element_type=\"widget\" data-e-type=\"widget\" data-widget_type=\"button.default\">\n\t\t\t\t\t\t\t\t\t\t<a class=\"elementor-button elementor-button-link elementor-size-sm\" href=\"https:\/\/lekkoatletykawpolsce.pl\/index.php\/800m-m\/\">\n\t\t\t\t\t\t<span class=\"elementor-button-content-wrapper\">\n\t\t\t\t\t\t\t\t\t<span class=\"elementor-button-text\">800m<\/span>\n\t\t\t\t\t<\/span>\n\t\t\t\t\t<\/a>\n\t\t\t\t\t\t\t\t<\/div>\n\t\t\t\t<div class=\"elementor-element elementor-element-39d688b elementor-align-center elementor-widget elementor-widget-button\" data-id=\"39d688b\" data-element_type=\"widget\" data-e-type=\"widget\" data-widget_type=\"button.default\">\n\t\t\t\t\t\t\t\t\t\t<a class=\"elementor-button elementor-button-link elementor-size-sm\" href=\"https:\/\/lekkoatletykawpolsce.pl\/index.php\/1500m-m\/\">\n\t\t\t\t\t\t<span class=\"elementor-button-content-wrapper\">\n\t\t\t\t\t\t\t\t\t<span class=\"elementor-button-text\">1500m<\/span>\n\t\t\t\t\t<\/span>\n\t\t\t\t\t<\/a>\n\t\t\t\t\t\t\t\t<\/div>\n\t\t\t\t<div class=\"elementor-element elementor-element-a4aeeb1 elementor-align-center elementor-widget elementor-widget-button\" data-id=\"a4aeeb1\" data-element_type=\"widget\" data-e-type=\"widget\" data-widget_type=\"button.default\">\n\t\t\t\t\t\t\t\t\t\t<a class=\"elementor-button elementor-button-link elementor-size-sm\" href=\"#\">\n\t\t\t\t\t\t<span class=\"elementor-button-content-wrapper\">\n\t\t\t\t\t\t\t\t\t<span class=\"elementor-button-text\">3000m<\/span>\n\t\t\t\t\t<\/span>\n\t\t\t\t\t<\/a>\n\t\t\t\t\t\t\t\t<\/div>\n\t\t\t\t<\/div>\n\t\t<div class=\"elementor-element elementor-element-21a3cc9 e-con-full e-flex e-con e-child\" data-id=\"21a3cc9\" data-element_type=\"container\" data-e-type=\"container\" data-settings=\"{&quot;background_background&quot;:&quot;classic&quot;}\">\n\t\t\t\t<div class=\"elementor-element elementor-element-167a292 elementor-widget__width-initial elementor-widget elementor-widget-image\" data-id=\"167a292\" data-element_type=\"widget\" data-e-type=\"widget\" data-widget_type=\"image.default\">\n\t\t\t\t\t\t\t\t\t\t\t\t\t\t\t<img loading=\"lazy\" decoding=\"async\" width=\"867\" height=\"395\" src=\"https:\/\/lekkoatletykawpolsce.pl\/wp-content\/uploads\/2026\/01\/long_Steeple.jpg\" class=\"attachment-1536x1536 size-1536x1536 wp-image-307\" alt=\"\" srcset=\"https:\/\/lekkoatletykawpolsce.pl\/wp-content\/uploads\/2026\/01\/long_Steeple.jpg 867w, https:\/\/lekkoatletykawpolsce.pl\/wp-content\/uploads\/2026\/01\/long_Steeple-300x137.jpg 300w, https:\/\/lekkoatletykawpolsce.pl\/wp-content\/uploads\/2026\/01\/long_Steeple-768x350.jpg 768w, https:\/\/lekkoatletykawpolsce.pl\/wp-content\/uploads\/2026\/01\/long_Steeple-517x235.jpg 517w\" sizes=\"(max-width: 867px) 100vw, 867px\" \/>\t\t\t\t\t\t\t\t\t\t\t\t\t\t\t<\/div>\n\t\t\t\t<\/div>\n\t\t\t\t<\/div>\n\t\t\t\t\t<\/div>\n\t\t\t\t<\/div>\n\t\t<div class=\"elementor-element elementor-element-a33ea86 e-flex e-con-boxed e-con e-parent\" data-id=\"a33ea86\" data-element_type=\"container\" data-e-type=\"container\">\n\t\t\t\t\t<div class=\"e-con-inner\">\n\t\t<div class=\"elementor-element elementor-element-06b600d e-con-full e-flex e-con e-child\" data-id=\"06b600d\" data-element_type=\"container\" data-e-type=\"container\" data-settings=\"{&quot;background_background&quot;:&quot;gradient&quot;}\">\n\t\t<div class=\"elementor-element elementor-element-acbec5f e-con-full e-flex e-con e-child\" data-id=\"acbec5f\" data-element_type=\"container\" data-e-type=\"container\" data-settings=\"{&quot;background_background&quot;:&quot;classic&quot;}\">\n\t\t\t\t<div class=\"elementor-element elementor-element-f65830b elementor-align-center elementor-widget elementor-widget-button\" data-id=\"f65830b\" data-element_type=\"widget\" data-e-type=\"widget\" data-widget_type=\"button.default\">\n\t\t\t\t\t\t\t\t\t\t<a class=\"elementor-button elementor-button-link elementor-size-sm\" href=\"https:\/\/lekkoatletykawpolsce.pl\/index.php\/skok-w-dal-m\/\">\n\t\t\t\t\t\t<span class=\"elementor-button-content-wrapper\">\n\t\t\t\t\t\t\t\t\t<span class=\"elementor-button-text\">SKOK W DAL<\/span>\n\t\t\t\t\t<\/span>\n\t\t\t\t\t<\/a>\n\t\t\t\t\t\t\t\t<\/div>\n\t\t\t\t<div class=\"elementor-element elementor-element-b18275d elementor-align-center elementor-widget elementor-widget-button\" data-id=\"b18275d\" data-element_type=\"widget\" data-e-type=\"widget\" data-widget_type=\"button.default\">\n\t\t\t\t\t\t\t\t\t\t<a class=\"elementor-button elementor-button-link elementor-size-sm\" href=\"https:\/\/lekkoatletykawpolsce.pl\/index.php\/trojskok-m\/\">\n\t\t\t\t\t\t<span class=\"elementor-button-content-wrapper\">\n\t\t\t\t\t\t\t\t\t<span class=\"elementor-button-text\">TR\u00d3JSKOK<\/span>\n\t\t\t\t\t<\/span>\n\t\t\t\t\t<\/a>\n\t\t\t\t\t\t\t\t<\/div>\n\t\t\t\t<\/div>\n\t\t<div class=\"elementor-element elementor-element-181b0eb e-con-full e-flex e-con e-child\" data-id=\"181b0eb\" data-element_type=\"container\" data-e-type=\"container\" data-settings=\"{&quot;background_background&quot;:&quot;classic&quot;}\">\n\t\t\t\t<div class=\"elementor-element elementor-element-0bcca34 elementor-align-center elementor-widget elementor-widget-button\" data-id=\"0bcca34\" data-element_type=\"widget\" data-e-type=\"widget\" data-widget_type=\"button.default\">\n\t\t\t\t\t\t\t\t\t\t<a class=\"elementor-button elementor-button-link elementor-size-sm\" href=\"https:\/\/lekkoatletykawpolsce.pl\/index.php\/skok-wzwyz-m\/\">\n\t\t\t\t\t\t<span class=\"elementor-button-content-wrapper\">\n\t\t\t\t\t\t\t\t\t<span class=\"elementor-button-text\">SKOK WZWY\u017b<\/span>\n\t\t\t\t\t<\/span>\n\t\t\t\t\t<\/a>\n\t\t\t\t\t\t\t\t<\/div>\n\t\t\t\t<div class=\"elementor-element elementor-element-1460100 elementor-align-center elementor-widget elementor-widget-button\" data-id=\"1460100\" data-element_type=\"widget\" data-e-type=\"widget\" data-widget_type=\"button.default\">\n\t\t\t\t\t\t\t\t\t\t<a class=\"elementor-button elementor-button-link elementor-size-sm\" href=\"https:\/\/lekkoatletykawpolsce.pl\/index.php\/skok-o-tycze-m\/\">\n\t\t\t\t\t\t<span class=\"elementor-button-content-wrapper\">\n\t\t\t\t\t\t\t\t\t<span class=\"elementor-button-text\">SKOK O TYCZCE<\/span>\n\t\t\t\t\t<\/span>\n\t\t\t\t\t<\/a>\n\t\t\t\t\t\t\t\t<\/div>\n\t\t\t\t<\/div>\n\t\t<div class=\"elementor-element elementor-element-3e57604 e-con-full e-flex e-con e-child\" data-id=\"3e57604\" data-element_type=\"container\" data-e-type=\"container\" data-settings=\"{&quot;background_background&quot;:&quot;classic&quot;}\">\n\t\t\t\t<div class=\"elementor-element elementor-element-f6aa77b elementor-widget elementor-widget-image\" data-id=\"f6aa77b\" data-element_type=\"widget\" data-e-type=\"widget\" data-widget_type=\"image.default\">\n\t\t\t\t\t\t\t\t\t\t\t\t\t\t\t<img loading=\"lazy\" decoding=\"async\" width=\"892\" height=\"163\" src=\"https:\/\/lekkoatletykawpolsce.pl\/wp-content\/uploads\/2026\/01\/SKOKI_Baner-1.jpg\" class=\"attachment-large size-large wp-image-309\" alt=\"\" srcset=\"https:\/\/lekkoatletykawpolsce.pl\/wp-content\/uploads\/2026\/01\/SKOKI_Baner-1.jpg 892w, https:\/\/lekkoatletykawpolsce.pl\/wp-content\/uploads\/2026\/01\/SKOKI_Baner-1-300x55.jpg 300w, https:\/\/lekkoatletykawpolsce.pl\/wp-content\/uploads\/2026\/01\/SKOKI_Baner-1-768x140.jpg 768w\" sizes=\"(max-width: 892px) 100vw, 892px\" \/>\t\t\t\t\t\t\t\t\t\t\t\t\t\t\t<\/div>\n\t\t\t\t<\/div>\n\t\t\t\t<\/div>\n\t\t\t\t\t<\/div>\n\t\t\t\t<\/div>\n\t\t<div class=\"elementor-element elementor-element-e7af3cc e-flex e-con-boxed e-con e-parent\" data-id=\"e7af3cc\" data-element_type=\"container\" data-e-type=\"container\">\n\t\t\t\t\t<div class=\"e-con-inner\">\n\t\t<div class=\"elementor-element elementor-element-0c3b2a6 e-con-full e-flex e-con e-child\" data-id=\"0c3b2a6\" data-element_type=\"container\" data-e-type=\"container\" data-settings=\"{&quot;background_background&quot;:&quot;gradient&quot;}\">\n\t\t<div class=\"elementor-element elementor-element-e3fcf17 e-con-full e-flex e-con e-child\" data-id=\"e3fcf17\" data-element_type=\"container\" data-e-type=\"container\" data-settings=\"{&quot;background_background&quot;:&quot;classic&quot;}\">\n\t\t\t\t<div class=\"elementor-element elementor-element-d0eace7 elementor-align-center elementor-widget elementor-widget-button\" data-id=\"d0eace7\" data-element_type=\"widget\" data-e-type=\"widget\" data-widget_type=\"button.default\">\n\t\t\t\t\t\t\t\t\t\t<a class=\"elementor-button elementor-button-link elementor-size-sm\" href=\"https:\/\/lekkoatletykawpolsce.pl\/index.php\/pchniecie-kula-m\/\">\n\t\t\t\t\t\t<span class=\"elementor-button-content-wrapper\">\n\t\t\t\t\t\t\t\t\t<span class=\"elementor-button-text\">PCHNI\u0118CIE KUL\u0104<\/span>\n\t\t\t\t\t<\/span>\n\t\t\t\t\t<\/a>\n\t\t\t\t\t\t\t\t<\/div>\n\t\t\t\t<div class=\"elementor-element elementor-element-5bbfacd elementor-align-center elementor-widget elementor-widget-button\" data-id=\"5bbfacd\" data-element_type=\"widget\" data-e-type=\"widget\" data-widget_type=\"button.default\">\n\t\t\t\t\t\t\t\t\t\t<a class=\"elementor-button elementor-button-link elementor-size-sm\" href=\"https:\/\/lekkoatletykawpolsce.pl\/index.php\/rzut-dyskiem-m\/\">\n\t\t\t\t\t\t<span class=\"elementor-button-content-wrapper\">\n\t\t\t\t\t\t\t\t\t<span class=\"elementor-button-text\">RZUT DYSKIEM<\/span>\n\t\t\t\t\t<\/span>\n\t\t\t\t\t<\/a>\n\t\t\t\t\t\t\t\t<\/div>\n\t\t\t\t<\/div>\n\t\t<div class=\"elementor-element elementor-element-cb1bfe8 e-con-full e-flex e-con e-child\" data-id=\"cb1bfe8\" data-element_type=\"container\" data-e-type=\"container\" data-settings=\"{&quot;background_background&quot;:&quot;classic&quot;}\">\n\t\t\t\t<div class=\"elementor-element elementor-element-bdfbba5 elementor-align-center elementor-widget elementor-widget-button\" data-id=\"bdfbba5\" data-element_type=\"widget\" data-e-type=\"widget\" data-widget_type=\"button.default\">\n\t\t\t\t\t\t\t\t\t\t<a class=\"elementor-button elementor-button-link elementor-size-sm\" href=\"https:\/\/lekkoatletykawpolsce.pl\/index.php\/rzut-mlotem-m\/\">\n\t\t\t\t\t\t<span class=\"elementor-button-content-wrapper\">\n\t\t\t\t\t\t\t\t\t<span class=\"elementor-button-text\">RZUT M\u0141OTEM<\/span>\n\t\t\t\t\t<\/span>\n\t\t\t\t\t<\/a>\n\t\t\t\t\t\t\t\t<\/div>\n\t\t\t\t<div class=\"elementor-element elementor-element-41a8906 elementor-align-center elementor-widget elementor-widget-button\" data-id=\"41a8906\" data-element_type=\"widget\" data-e-type=\"widget\" data-widget_type=\"button.default\">\n\t\t\t\t\t\t\t\t\t\t<a class=\"elementor-button elementor-button-link elementor-size-sm\" href=\"https:\/\/lekkoatletykawpolsce.pl\/index.php\/rzut-oszczepem-m\/\">\n\t\t\t\t\t\t<span class=\"elementor-button-content-wrapper\">\n\t\t\t\t\t\t\t\t\t<span class=\"elementor-button-text\">RZUT OSZCZEPEM<\/span>\n\t\t\t\t\t<\/span>\n\t\t\t\t\t<\/a>\n\t\t\t\t\t\t\t\t<\/div>\n\t\t\t\t<\/div>\n\t\t<div class=\"elementor-element elementor-element-81be8af e-con-full e-flex e-con e-child\" data-id=\"81be8af\" data-element_type=\"container\" data-e-type=\"container\" data-settings=\"{&quot;background_background&quot;:&quot;classic&quot;}\">\n\t\t\t\t<div class=\"elementor-element elementor-element-384371c elementor-widget__width-initial elementor-widget elementor-widget-image\" data-id=\"384371c\" data-element_type=\"widget\" data-e-type=\"widget\" data-widget_type=\"image.default\">\n\t\t\t\t\t\t\t\t\t\t\t\t\t\t\t<img loading=\"lazy\" decoding=\"async\" width=\"1068\" height=\"240\" src=\"https:\/\/lekkoatletykawpolsce.pl\/wp-content\/uploads\/2026\/01\/RZUTY_Baner.jpg\" class=\"attachment-1536x1536 size-1536x1536 wp-image-301\" alt=\"\" srcset=\"https:\/\/lekkoatletykawpolsce.pl\/wp-content\/uploads\/2026\/01\/RZUTY_Baner.jpg 1068w, https:\/\/lekkoatletykawpolsce.pl\/wp-content\/uploads\/2026\/01\/RZUTY_Baner-300x67.jpg 300w, https:\/\/lekkoatletykawpolsce.pl\/wp-content\/uploads\/2026\/01\/RZUTY_Baner-1024x230.jpg 1024w, https:\/\/lekkoatletykawpolsce.pl\/wp-content\/uploads\/2026\/01\/RZUTY_Baner-768x173.jpg 768w\" sizes=\"(max-width: 1068px) 100vw, 1068px\" \/>\t\t\t\t\t\t\t\t\t\t\t\t\t\t\t<\/div>\n\t\t\t\t<\/div>\n\t\t\t\t<\/div>\n\t\t\t\t\t<\/div>\n\t\t\t\t<\/div>\n\t\t\t\t<\/div>\n\t\t","protected":false},"excerpt":{"rendered":"<p>Klikaj\u0105c w zielony przycisk z nazw\u0105 konkurencji w dolnej cz\u0119\u015bci strony, przejdziesz do zestawu analiz. Znajdziesz w nich 5 modu\u0142\u00f3w ilustruj\u0105cych r\u00f3\u017cne aspekty historii konkretnej konkurencji. Aby przej\u015b\u0107 do interaktywnych analiz kliknij w zielony przycisk z nazw\u0105 konkurencji 110p 400p 200m 100m 400m 5000m 10000m 3000p 800m 1500m 3000m SKOK W DAL TR\u00d3JSKOK SKOK WZWY\u017b [&hellip;]<\/p>\n","protected":false},"author":1,"featured_media":0,"parent":0,"menu_order":0,"comment_status":"closed","ping_status":"closed","template":"","meta":{"footnotes":""},"class_list":["post-1538","page","type-page","status-publish","czr-hentry"],"_links":{"self":[{"href":"https:\/\/lekkoatletykawpolsce.pl\/index.php\/wp-json\/wp\/v2\/pages\/1538","targetHints":{"allow":["GET"]}}],"collection":[{"href":"https:\/\/lekkoatletykawpolsce.pl\/index.php\/wp-json\/wp\/v2\/pages"}],"about":[{"href":"https:\/\/lekkoatletykawpolsce.pl\/index.php\/wp-json\/wp\/v2\/types\/page"}],"author":[{"embeddable":true,"href":"https:\/\/lekkoatletykawpolsce.pl\/index.php\/wp-json\/wp\/v2\/users\/1"}],"replies":[{"embeddable":true,"href":"https:\/\/lekkoatletykawpolsce.pl\/index.php\/wp-json\/wp\/v2\/comments?post=1538"}],"version-history":[{"count":118,"href":"https:\/\/lekkoatletykawpolsce.pl\/index.php\/wp-json\/wp\/v2\/pages\/1538\/revisions"}],"predecessor-version":[{"id":2624,"href":"https:\/\/lekkoatletykawpolsce.pl\/index.php\/wp-json\/wp\/v2\/pages\/1538\/revisions\/2624"}],"wp:attachment":[{"href":"https:\/\/lekkoatletykawpolsce.pl\/index.php\/wp-json\/wp\/v2\/media?parent=1538"}],"curies":[{"name":"wp","href":"https:\/\/api.w.org\/{rel}","templated":true}]}}